{"id":2873,"date":"2026-05-12T18:00:25","date_gmt":"2026-05-12T18:00:25","guid":{"rendered":"https:\/\/suphannahong.se\/?page_id=2873"},"modified":"2026-05-12T18:06:09","modified_gmt":"2026-05-12T18:06:09","slug":"cookie-policy-duplicate-1621","status":"publish","type":"page","link":"http:\/\/suphannahong.se\/index.php\/cookie-policy-duplicate-1621\/","title":{"rendered":"Cookie Policy &#8211; Duplicate &#8211; [#1621]"},"content":{"rendered":"\t\t<div data-elementor-type=\"wp-page\" data-elementor-id=\"2873\" class=\"elementor elementor-2873\">\n\t\t\t\t\t\t<section class=\"elementor-section elementor-top-section elementor-element elementor-element-140bcfc1 elementor-section-height-min-height elementor-section-boxed elementor-section-height-default elementor-section-items-middle\" data-id=\"140bcfc1\" data-element_type=\"section\" data-e-type=\"section\" data-settings=\"{&quot;background_background&quot;:&quot;classic&quot;}\">\n\t\t\t\t\t\t<div class=\"elementor-container elementor-column-gap-no\">\n\t\t\t\t\t<div class=\"elementor-column elementor-col-100 elementor-top-column elementor-element elementor-element-3d80b197\" data-id=\"3d80b197\" data-element_type=\"column\" data-e-type=\"column\">\n\t\t\t<div class=\"elementor-widget-wrap\">\n\t\t\t\t\t\t\t<\/div>\n\t\t<\/div>\n\t\t\t\t\t<\/div>\n\t\t<\/section>\n\t\t\t\t<section class=\"elementor-section elementor-top-section elementor-element elementor-element-7eb3677a elementor-section-height-min-height elementor-section-boxed elementor-section-height-default elementor-section-items-middle\" data-id=\"7eb3677a\" data-element_type=\"section\" data-e-type=\"section\" data-settings=\"{&quot;background_background&quot;:&quot;classic&quot;}\">\n\t\t\t\t\t\t\t<div class=\"elementor-background-overlay\"><\/div>\n\t\t\t\t\t\t\t<div class=\"elementor-container elementor-column-gap-no\">\n\t\t\t\t\t<div class=\"elementor-column elementor-col-100 elementor-top-column elementor-element elementor-element-7676a34\" data-id=\"7676a34\" data-element_type=\"column\" data-e-type=\"column\">\n\t\t\t<div class=\"elementor-widget-wrap elementor-element-populated\">\n\t\t\t\t\t\t<div class=\"elementor-element elementor-element-6779a35d elementor-widget elementor-widget-heading\" data-id=\"6779a35d\" data-element_type=\"widget\" data-e-type=\"widget\" data-widget_type=\"heading.default\">\n\t\t\t\t\t<h4 class=\"elementor-heading-title elementor-size-default\">Relax &amp; Thaimassage i Lund<\/h4>\t\t\t\t<\/div>\n\t\t\t\t<div class=\"elementor-element elementor-element-5583cad8 elementor-widget elementor-widget-heading\" data-id=\"5583cad8\" data-element_type=\"widget\" data-e-type=\"widget\" data-widget_type=\"heading.default\">\n\t\t\t\t\t<h2 class=\"elementor-heading-title elementor-size-default\">Suphannahong Thaimassage<\/h2>\t\t\t\t<\/div>\n\t\t\t\t<div class=\"elementor-element elementor-element-5be7930 elementor-widget-divider--view-line elementor-widget elementor-widget-divider\" data-id=\"5be7930\" data-element_type=\"widget\" data-e-type=\"widget\" data-widget_type=\"divider.default\">\n\t\t\t\t\t\t\t<div class=\"elementor-divider\">\n\t\t\t<span class=\"elementor-divider-separator\">\n\t\t\t\t\t\t<\/span>\n\t\t<\/div>\n\t\t\t\t\t\t<\/div>\n\t\t\t\t<div class=\"elementor-element elementor-element-61aa3d65 elementor-widget elementor-widget-text-editor\" data-id=\"61aa3d65\" data-element_type=\"widget\" data-e-type=\"widget\" data-widget_type=\"text-editor.default\">\n\t\t\t\t\t\t\t\t\t<p>Thaimassage av professionell personal.<br \/>Vi finns p\u00e5 Lilla Tv\u00e4rgatan 16a i Lund.<\/p>\t\t\t\t\t\t\t\t<\/div>\n\t\t\t\t<section class=\"elementor-section elementor-inner-section elementor-element elementor-element-69d9819d elementor-section-boxed elementor-section-height-default elementor-section-height-default\" data-id=\"69d9819d\" data-element_type=\"section\" data-e-type=\"section\">\n\t\t\t\t\t\t<div class=\"elementor-container elementor-column-gap-default\">\n\t\t\t\t\t<div class=\"elementor-column elementor-col-100 elementor-inner-column elementor-element elementor-element-53c7ad6\" data-id=\"53c7ad6\" data-element_type=\"column\" data-e-type=\"column\">\n\t\t\t<div class=\"elementor-widget-wrap elementor-element-populated\">\n\t\t\t\t\t\t<div class=\"elementor-element elementor-element-56c42bc7 elementor-align-center elementor-mobile-align-center elementor-widget elementor-widget-button\" data-id=\"56c42bc7\" data-element_type=\"widget\" data-e-type=\"widget\" data-widget_type=\"button.default\">\n\t\t\t\t\t\t\t\t\t\t<a class=\"elementor-button elementor-button-link elementor-size-sm\" href=\"https:\/\/www.bokadirekt.se\/places\/suphannahong-2-30560\">\n\t\t\t\t\t\t<span class=\"elementor-button-content-wrapper\">\n\t\t\t\t\t\t\t\t\t<span class=\"elementor-button-text\">&gt;&gt; Boka Lilla Tv\u00e4rgatan 16 A<\/span>\n\t\t\t\t\t<\/span>\n\t\t\t\t\t<\/a>\n\t\t\t\t\t\t\t\t<\/div>\n\t\t\t\t\t<\/div>\n\t\t<\/div>\n\t\t\t\t\t<\/div>\n\t\t<\/section>\n\t\t\t\t\t<\/div>\n\t\t<\/div>\n\t\t\t\t\t<\/div>\n\t\t<\/section>\n\t\t\t\t<section class=\"elementor-section elementor-top-section elementor-element elementor-element-15115c91 elementor-section-height-min-height elementor-section-boxed elementor-section-height-default elementor-section-items-middle\" data-id=\"15115c91\" data-element_type=\"section\" data-e-type=\"section\" data-settings=\"{&quot;background_background&quot;:&quot;classic&quot;}\">\n\t\t\t\t\t\t<div class=\"elementor-container elementor-column-gap-no\">\n\t\t\t\t\t<div class=\"elementor-column elementor-col-100 elementor-top-column elementor-element elementor-element-258fbbdd\" data-id=\"258fbbdd\" data-element_type=\"column\" data-e-type=\"column\">\n\t\t\t<div class=\"elementor-widget-wrap\">\n\t\t\t\t\t\t\t<\/div>\n\t\t<\/div>\n\t\t\t\t\t<\/div>\n\t\t<\/section>\n\t\t\t\t<section class=\"elementor-section elementor-top-section elementor-element elementor-element-5585408b elementor-section-boxed elementor-section-height-default elementor-section-height-default\" data-id=\"5585408b\" data-element_type=\"section\" data-e-type=\"section\" data-settings=\"{&quot;background_background&quot;:&quot;classic&quot;}\">\n\t\t\t\t\t\t\t<div class=\"elementor-background-overlay\"><\/div>\n\t\t\t\t\t\t\t<div class=\"elementor-container elementor-column-gap-default\">\n\t\t\t\t\t<div class=\"elementor-column elementor-col-100 elementor-top-column elementor-element elementor-element-30b600ea\" data-id=\"30b600ea\" data-element_type=\"column\" data-e-type=\"column\">\n\t\t\t<div class=\"elementor-widget-wrap elementor-element-populated\">\n\t\t\t\t\t\t<div class=\"elementor-element elementor-element-42127c8 elementor-widget elementor-widget-spacer\" data-id=\"42127c8\" data-element_type=\"widget\" data-e-type=\"widget\" data-widget_type=\"spacer.default\">\n\t\t\t\t\t\t\t<div class=\"elementor-spacer\">\n\t\t\t<div class=\"elementor-spacer-inner\"><\/div>\n\t\t<\/div>\n\t\t\t\t\t\t<\/div>\n\t\t\t\t<section class=\"elementor-section elementor-inner-section elementor-element elementor-element-5fcae955 elementor-section-boxed elementor-section-height-default elementor-section-height-default\" data-id=\"5fcae955\" data-element_type=\"section\" data-e-type=\"section\" data-settings=\"{&quot;background_background&quot;:&quot;classic&quot;}\">\n\t\t\t\t\t\t<div class=\"elementor-container elementor-column-gap-wider\">\n\t\t\t\t\t<div class=\"elementor-column elementor-col-100 elementor-inner-column elementor-element elementor-element-99e3346\" data-id=\"99e3346\" data-element_type=\"column\" data-e-type=\"column\">\n\t\t\t<div class=\"elementor-widget-wrap elementor-element-populated\">\n\t\t\t\t\t\t<div class=\"elementor-element elementor-element-27e42293 elementor-widget elementor-widget-text-editor\" data-id=\"27e42293\" data-element_type=\"widget\" data-e-type=\"widget\" data-widget_type=\"text-editor.default\">\n\t\t\t\t\t\t\t\t\t<h3>CERTIFIERAD &#8211; NUAD THAI<\/h3>\nDetta f\u00f6retag \u00e4r anslutet till Nuad Thais certifieringsprogram och har \u00e5tagit sig att uppfylla vissa etiska och aff\u00e4rsm\u00e4ssiga standarder. Certifierings-\n\nprocessen leds av ThaiWISE (Thai Women in Sweden Empowerment Project) med st\u00f6d av Malm\u00f6 stad och Thail\u00e4ndska ambassaden i Stockholm.\n\nVad du st\u00f6djer genom att v\u00e4lja en certifierad verksamhet \u00e4r:\n<h4>Bevara traditionen Nuad Thai<\/h4>\nVerksamheten drivs av en kvalificerad Nuad Thai-ut\u00f6vare, erk\u00e4nd av thail\u00e4ndska myndigheter, med minst 150 timmars utbildning. Denna metod \u00e4r ett kulturarv som erk\u00e4nns av UNESCO*.\n<h4>Social h\u00e5llbarhet<\/h4>\nDen certifierade verksamheten erbjuds och f\u00f6rv\u00e4ntas delta i de samh\u00e4llsorienteringskurser som samordnas genom ThaiWISE. Dessa utbildningar syftar till att f\u00f6rb\u00e4ttra integrationen och st\u00e4rka \u00e4garen genom utbildning om det svenska samh\u00e4llet och ens skyldigheter, r\u00e4ttigheter och roll i det.\n<h4>Professionalitet<\/h4>\nDen certifierade verksamheten erbjuds,\u00a0och f\u00f6rv\u00e4ntas delta i, kurser och konsultationer i entrepren\u00f6rskap\u00a0f\u00f6r att \u00f6ka verksamhetens standard\u00a0och \u00e4garens m\u00f6jligheter till egen\u00a0utveckling av verksamheten. ThaiWISE\u00a0koordinerar dessa kurser och\u00a0konsultationer.\n<h4>V\u00e4lfungerande aff\u00e4rsstandard<\/h4>\nN\u00e4r en verksamhet blir Nuad\u00a0Thai-certifierat inneb\u00e4r det att\u00a0verksamheten har uppfyllt de milj\u00f6- och h\u00e4lsostandarder som kr\u00e4vs enligt\u00a0svensk lagstiftning.\t\t\t\t\t\t\t\t<\/div>\n\t\t\t\t\t<\/div>\n\t\t<\/div>\n\t\t\t\t\t<\/div>\n\t\t<\/section>\n\t\t\t\t<div class=\"elementor-element elementor-element-232efc2c elementor-widget elementor-widget-spacer\" data-id=\"232efc2c\" data-element_type=\"widget\" data-e-type=\"widget\" data-widget_type=\"spacer.default\">\n\t\t\t\t\t\t\t<div class=\"elementor-spacer\">\n\t\t\t<div class=\"elementor-spacer-inner\"><\/div>\n\t\t<\/div>\n\t\t\t\t\t\t<\/div>\n\t\t\t\t\t<\/div>\n\t\t<\/div>\n\t\t\t\t\t<\/div>\n\t\t<\/section>\n\t\t\t\t<section class=\"elementor-section elementor-top-section elementor-element elementor-element-61395cf3 elementor-section-height-min-height elementor-section-boxed elementor-section-height-default elementor-section-items-middle\" data-id=\"61395cf3\" data-element_type=\"section\" data-e-type=\"section\" data-settings=\"{&quot;background_background&quot;:&quot;classic&quot;}\">\n\t\t\t\t\t\t<div class=\"elementor-container elementor-column-gap-no\">\n\t\t\t\t\t<div class=\"elementor-column elementor-col-100 elementor-top-column elementor-element elementor-element-61ca24e0\" data-id=\"61ca24e0\" data-element_type=\"column\" data-e-type=\"column\">\n\t\t\t<div class=\"elementor-widget-wrap\">\n\t\t\t\t\t\t\t<\/div>\n\t\t<\/div>\n\t\t\t\t\t<\/div>\n\t\t<\/section>\n\t\t\t\t<\/div>\n\t\t","protected":false},"excerpt":{"rendered":"<p>Relax &amp; Thaimassage i Lund Suphannahong Thaimassage Thaimassage av professionell personal.Vi finns p\u00e5 Lilla Tv\u00e4rgatan 16a i Lund. &gt;&gt; Boka Lilla Tv\u00e4rgatan 16 A CERTIFIERAD &#8211; NUAD THAI Detta f\u00f6retag \u00e4r anslutet till Nuad Thais certifieringsprogram och har \u00e5tagit sig &hellip; <a class=\"kt-excerpt-readmore more-link\" href=\"http:\/\/suphannahong.se\/index.php\/cookie-policy-duplicate-1621\/\">Read More<\/a><\/p>\n","protected":false},"author":1,"featured_media":0,"parent":0,"menu_order":0,"comment_status":"closed","ping_status":"closed","template":"","meta":{"kt_blocks_editor_width":"","footnotes":""},"class_list":["post-2873","page","type-page","status-publish","hentry"],"yoast_head":"<!-- This site is optimized with the Yoast SEO plugin v27.5 - https:\/\/yoast.com\/product\/yoast-seo-wordpress\/ -->\n<title>Cookie Policy - Duplicate - [#1621] - Suphannahong Wellness and Spa<\/title>\n<meta name=\"robots\" content=\"index, follow, max-snippet:-1, max-image-preview:large, max-video-preview:-1\" \/>\n<link rel=\"canonical\" href=\"http:\/\/suphannahong.se\/index.php\/cookie-policy-duplicate-1621\/\" \/>\n<meta property=\"og:locale\" content=\"sv_SE\" \/>\n<meta property=\"og:type\" content=\"article\" \/>\n<meta property=\"og:title\" content=\"Cookie Policy - Duplicate - [#1621] - Suphannahong Wellness and Spa\" \/>\n<meta property=\"og:description\" content=\"Relax &amp; Thaimassage i Lund Suphannahong Thaimassage Thaimassage av professionell personal.Vi finns p\u00e5 Lilla Tv\u00e4rgatan 16a i Lund. &gt;&gt; Boka Lilla Tv\u00e4rgatan 16 A CERTIFIERAD &#8211; NUAD THAI Detta f\u00f6retag \u00e4r anslutet till Nuad Thais certifieringsprogram och har \u00e5tagit sig &hellip; Read More\" \/>\n<meta property=\"og:url\" content=\"http:\/\/suphannahong.se\/index.php\/cookie-policy-duplicate-1621\/\" \/>\n<meta property=\"og:site_name\" content=\"Suphannahong Wellness and Spa\" \/>\n<meta property=\"article:modified_time\" content=\"2026-05-12T18:06:09+00:00\" \/>\n<meta name=\"twitter:card\" content=\"summary_large_image\" \/>\n<meta name=\"twitter:label1\" content=\"Ber\u00e4knad l\u00e4stid\" \/>\n\t<meta name=\"twitter:data1\" content=\"3 minuter\" \/>\n<script type=\"application\/ld+json\" class=\"yoast-schema-graph\">{\"@context\":\"https:\\\/\\\/schema.org\",\"@graph\":[{\"@type\":\"WebPage\",\"@id\":\"http:\\\/\\\/suphannahong.se\\\/index.php\\\/cookie-policy-duplicate-1621\\\/\",\"url\":\"http:\\\/\\\/suphannahong.se\\\/index.php\\\/cookie-policy-duplicate-1621\\\/\",\"name\":\"Cookie Policy - Duplicate - [#1621] - Suphannahong Wellness and Spa\",\"isPartOf\":{\"@id\":\"https:\\\/\\\/suphannahong.se\\\/#website\"},\"datePublished\":\"2026-05-12T18:00:25+00:00\",\"dateModified\":\"2026-05-12T18:06:09+00:00\",\"breadcrumb\":{\"@id\":\"http:\\\/\\\/suphannahong.se\\\/index.php\\\/cookie-policy-duplicate-1621\\\/#breadcrumb\"},\"inLanguage\":\"sv-SE\",\"potentialAction\":[{\"@type\":\"ReadAction\",\"target\":[\"http:\\\/\\\/suphannahong.se\\\/index.php\\\/cookie-policy-duplicate-1621\\\/\"]}]},{\"@type\":\"BreadcrumbList\",\"@id\":\"http:\\\/\\\/suphannahong.se\\\/index.php\\\/cookie-policy-duplicate-1621\\\/#breadcrumb\",\"itemListElement\":[{\"@type\":\"ListItem\",\"position\":1,\"name\":\"Hem\",\"item\":\"https:\\\/\\\/suphannahong.se\\\/\"},{\"@type\":\"ListItem\",\"position\":2,\"name\":\"Cookie Policy &#8211; Duplicate &#8211; [#1621]\"}]},{\"@type\":\"WebSite\",\"@id\":\"https:\\\/\\\/suphannahong.se\\\/#website\",\"url\":\"https:\\\/\\\/suphannahong.se\\\/\",\"name\":\"Suphannahong Wellness and Spa\",\"description\":\"relax &amp; thaimassage i Lund\",\"publisher\":{\"@id\":\"https:\\\/\\\/suphannahong.se\\\/#organization\"},\"potentialAction\":[{\"@type\":\"SearchAction\",\"target\":{\"@type\":\"EntryPoint\",\"urlTemplate\":\"https:\\\/\\\/suphannahong.se\\\/?s={search_term_string}\"},\"query-input\":{\"@type\":\"PropertyValueSpecification\",\"valueRequired\":true,\"valueName\":\"search_term_string\"}}],\"inLanguage\":\"sv-SE\"},{\"@type\":\"Organization\",\"@id\":\"https:\\\/\\\/suphannahong.se\\\/#organization\",\"name\":\"Suphannahong Wellness and Spa\",\"url\":\"https:\\\/\\\/suphannahong.se\\\/\",\"logo\":{\"@type\":\"ImageObject\",\"inLanguage\":\"sv-SE\",\"@id\":\"https:\\\/\\\/suphannahong.se\\\/#\\\/schema\\\/logo\\\/image\\\/\",\"url\":\"http:\\\/\\\/suphannahong.se\\\/wp-content\\\/uploads\\\/2026\\\/05\\\/logo-header.png\",\"contentUrl\":\"http:\\\/\\\/suphannahong.se\\\/wp-content\\\/uploads\\\/2026\\\/05\\\/logo-header.png\",\"width\":1500,\"height\":408,\"caption\":\"Suphannahong Wellness and Spa\"},\"image\":{\"@id\":\"https:\\\/\\\/suphannahong.se\\\/#\\\/schema\\\/logo\\\/image\\\/\"}}]}<\/script>\n<!-- \/ Yoast SEO plugin. -->","yoast_head_json":{"title":"Cookie Policy - Duplicate - [#1621] - Suphannahong Wellness and Spa","robots":{"index":"index","follow":"follow","max-snippet":"max-snippet:-1","max-image-preview":"max-image-preview:large","max-video-preview":"max-video-preview:-1"},"canonical":"http:\/\/suphannahong.se\/index.php\/cookie-policy-duplicate-1621\/","og_locale":"sv_SE","og_type":"article","og_title":"Cookie Policy - Duplicate - [#1621] - Suphannahong Wellness and Spa","og_description":"Relax &amp; Thaimassage i Lund Suphannahong Thaimassage Thaimassage av professionell personal.Vi finns p\u00e5 Lilla Tv\u00e4rgatan 16a i Lund. &gt;&gt; Boka Lilla Tv\u00e4rgatan 16 A CERTIFIERAD &#8211; NUAD THAI Detta f\u00f6retag \u00e4r anslutet till Nuad Thais certifieringsprogram och har \u00e5tagit sig &hellip; Read More","og_url":"http:\/\/suphannahong.se\/index.php\/cookie-policy-duplicate-1621\/","og_site_name":"Suphannahong Wellness and Spa","article_modified_time":"2026-05-12T18:06:09+00:00","twitter_card":"summary_large_image","twitter_misc":{"Ber\u00e4knad l\u00e4stid":"3 minuter"},"schema":{"@context":"https:\/\/schema.org","@graph":[{"@type":"WebPage","@id":"http:\/\/suphannahong.se\/index.php\/cookie-policy-duplicate-1621\/","url":"http:\/\/suphannahong.se\/index.php\/cookie-policy-duplicate-1621\/","name":"Cookie Policy - Duplicate - [#1621] - Suphannahong Wellness and Spa","isPartOf":{"@id":"https:\/\/suphannahong.se\/#website"},"datePublished":"2026-05-12T18:00:25+00:00","dateModified":"2026-05-12T18:06:09+00:00","breadcrumb":{"@id":"http:\/\/suphannahong.se\/index.php\/cookie-policy-duplicate-1621\/#breadcrumb"},"inLanguage":"sv-SE","potentialAction":[{"@type":"ReadAction","target":["http:\/\/suphannahong.se\/index.php\/cookie-policy-duplicate-1621\/"]}]},{"@type":"BreadcrumbList","@id":"http:\/\/suphannahong.se\/index.php\/cookie-policy-duplicate-1621\/#breadcrumb","itemListElement":[{"@type":"ListItem","position":1,"name":"Hem","item":"https:\/\/suphannahong.se\/"},{"@type":"ListItem","position":2,"name":"Cookie Policy &#8211; Duplicate &#8211; [#1621]"}]},{"@type":"WebSite","@id":"https:\/\/suphannahong.se\/#website","url":"https:\/\/suphannahong.se\/","name":"Suphannahong Wellness and Spa","description":"relax &amp; thaimassage i Lund","publisher":{"@id":"https:\/\/suphannahong.se\/#organization"},"potentialAction":[{"@type":"SearchAction","target":{"@type":"EntryPoint","urlTemplate":"https:\/\/suphannahong.se\/?s={search_term_string}"},"query-input":{"@type":"PropertyValueSpecification","valueRequired":true,"valueName":"search_term_string"}}],"inLanguage":"sv-SE"},{"@type":"Organization","@id":"https:\/\/suphannahong.se\/#organization","name":"Suphannahong Wellness and Spa","url":"https:\/\/suphannahong.se\/","logo":{"@type":"ImageObject","inLanguage":"sv-SE","@id":"https:\/\/suphannahong.se\/#\/schema\/logo\/image\/","url":"http:\/\/suphannahong.se\/wp-content\/uploads\/2026\/05\/logo-header.png","contentUrl":"http:\/\/suphannahong.se\/wp-content\/uploads\/2026\/05\/logo-header.png","width":1500,"height":408,"caption":"Suphannahong Wellness and Spa"},"image":{"@id":"https:\/\/suphannahong.se\/#\/schema\/logo\/image\/"}}]}},"_links":{"self":[{"href":"http:\/\/suphannahong.se\/index.php\/wp-json\/wp\/v2\/pages\/2873","targetHints":{"allow":["GET"]}}],"collection":[{"href":"http:\/\/suphannahong.se\/index.php\/wp-json\/wp\/v2\/pages"}],"about":[{"href":"http:\/\/suphannahong.se\/index.php\/wp-json\/wp\/v2\/types\/page"}],"author":[{"embeddable":true,"href":"http:\/\/suphannahong.se\/index.php\/wp-json\/wp\/v2\/users\/1"}],"replies":[{"embeddable":true,"href":"http:\/\/suphannahong.se\/index.php\/wp-json\/wp\/v2\/comments?post=2873"}],"version-history":[{"count":9,"href":"http:\/\/suphannahong.se\/index.php\/wp-json\/wp\/v2\/pages\/2873\/revisions"}],"predecessor-version":[{"id":2885,"href":"http:\/\/suphannahong.se\/index.php\/wp-json\/wp\/v2\/pages\/2873\/revisions\/2885"}],"wp:attachment":[{"href":"http:\/\/suphannahong.se\/index.php\/wp-json\/wp\/v2\/media?parent=2873"}],"curies":[{"name":"wp","href":"https:\/\/api.w.org\/{rel}","templated":true}]}}