{"id":2284,"date":"2023-01-22T12:17:30","date_gmt":"2023-01-22T11:17:30","guid":{"rendered":"https:\/\/www.suphannahongthaimassage.se\/?page_id=2284"},"modified":"2026-05-12T17:33:19","modified_gmt":"2026-05-12T17:33:19","slug":"spa-2","status":"publish","type":"page","link":"http:\/\/suphannahong.se\/index.php\/spa-2\/","title":{"rendered":"Spa"},"content":{"rendered":"\t\t<div data-elementor-type=\"wp-page\" data-elementor-id=\"2284\" class=\"elementor elementor-2284\">\n\t\t\t\t\t\t<section class=\"elementor-section elementor-top-section elementor-element elementor-element-4a3bf9b0 elementor-section-height-min-height elementor-section-boxed elementor-section-height-default elementor-section-items-middle\" data-id=\"4a3bf9b0\" data-element_type=\"section\" data-e-type=\"section\" data-settings=\"{&quot;background_background&quot;:&quot;classic&quot;}\">\n\t\t\t\t\t\t<div class=\"elementor-container elementor-column-gap-no\">\n\t\t\t\t\t<div class=\"elementor-column elementor-col-100 elementor-top-column elementor-element elementor-element-3eafd7df\" data-id=\"3eafd7df\" data-element_type=\"column\" data-e-type=\"column\">\n\t\t\t<div class=\"elementor-widget-wrap\">\n\t\t\t\t\t\t\t<\/div>\n\t\t<\/div>\n\t\t\t\t\t<\/div>\n\t\t<\/section>\n\t\t\t\t<section class=\"elementor-section elementor-top-section elementor-element elementor-element-1032fc90 elementor-section-height-min-height elementor-section-boxed elementor-section-height-default elementor-section-items-middle\" data-id=\"1032fc90\" data-element_type=\"section\" data-e-type=\"section\" data-settings=\"{&quot;background_background&quot;:&quot;classic&quot;}\">\n\t\t\t\t\t\t\t<div class=\"elementor-background-overlay\"><\/div>\n\t\t\t\t\t\t\t<div class=\"elementor-container elementor-column-gap-no\">\n\t\t\t\t\t<div class=\"elementor-column elementor-col-100 elementor-top-column elementor-element elementor-element-4eba2f8d\" data-id=\"4eba2f8d\" data-element_type=\"column\" data-e-type=\"column\">\n\t\t\t<div class=\"elementor-widget-wrap elementor-element-populated\">\n\t\t\t\t\t\t<div class=\"elementor-element elementor-element-77bcfbc elementor-widget elementor-widget-heading\" data-id=\"77bcfbc\" data-element_type=\"widget\" data-e-type=\"widget\" data-widget_type=\"heading.default\">\n\t\t\t\t\t<h4 class=\"elementor-heading-title elementor-size-default\">Thaimassage &amp; Spa i Lund<\/h4>\t\t\t\t<\/div>\n\t\t\t\t<div class=\"elementor-element elementor-element-62893e6 elementor-widget elementor-widget-heading\" data-id=\"62893e6\" data-element_type=\"widget\" data-e-type=\"widget\" data-widget_type=\"heading.default\">\n\t\t\t\t\t<h2 class=\"elementor-heading-title elementor-size-default\">Suphannahong Thaimassage<\/h2>\t\t\t\t<\/div>\n\t\t\t\t<div class=\"elementor-element elementor-element-48a50018 elementor-widget-divider--view-line elementor-widget elementor-widget-divider\" data-id=\"48a50018\" data-element_type=\"widget\" data-e-type=\"widget\" data-widget_type=\"divider.default\">\n\t\t\t\t\t\t\t<div class=\"elementor-divider\">\n\t\t\t<span class=\"elementor-divider-separator\">\n\t\t\t\t\t\t<\/span>\n\t\t<\/div>\n\t\t\t\t\t\t<\/div>\n\t\t\t\t<div class=\"elementor-element elementor-element-369b711f elementor-widget elementor-widget-text-editor\" data-id=\"369b711f\" data-element_type=\"widget\" data-e-type=\"widget\" data-widget_type=\"text-editor.default\">\n\t\t\t\t\t\t\t\t\t<p>Minispa i centrala Lund<br><span style=\"letter-spacing: 0px;\">Vi finns p\u00e5 Lilla Tv\u00e4rgatan 16a i Lund.<\/span><\/p>\t\t\t\t\t\t\t\t<\/div>\n\t\t\t\t<section class=\"elementor-section elementor-inner-section elementor-element elementor-element-8414c31 elementor-section-boxed elementor-section-height-default elementor-section-height-default\" data-id=\"8414c31\" data-element_type=\"section\" data-e-type=\"section\">\n\t\t\t\t\t\t<div class=\"elementor-container elementor-column-gap-default\">\n\t\t\t\t\t<div class=\"elementor-column elementor-col-100 elementor-inner-column elementor-element elementor-element-e911d2c\" data-id=\"e911d2c\" data-element_type=\"column\" data-e-type=\"column\">\n\t\t\t<div class=\"elementor-widget-wrap elementor-element-populated\">\n\t\t\t\t\t\t<div class=\"elementor-element elementor-element-156b990e elementor-align-center elementor-mobile-align-center elementor-widget elementor-widget-button\" data-id=\"156b990e\" data-element_type=\"widget\" data-e-type=\"widget\" data-widget_type=\"button.default\">\n\t\t\t\t\t\t\t\t\t\t<a class=\"elementor-button elementor-button-link elementor-size-sm\" href=\"https:\/\/www.bokadirekt.se\/places\/suphannahong-2-30560\">\n\t\t\t\t\t\t<span class=\"elementor-button-content-wrapper\">\n\t\t\t\t\t\t\t\t\t<span class=\"elementor-button-text\">&gt;&gt; Boka Lilla Tv\u00e4rgatan 16 A<\/span>\n\t\t\t\t\t<\/span>\n\t\t\t\t\t<\/a>\n\t\t\t\t\t\t\t\t<\/div>\n\t\t\t\t\t<\/div>\n\t\t<\/div>\n\t\t\t\t\t<\/div>\n\t\t<\/section>\n\t\t\t\t\t<\/div>\n\t\t<\/div>\n\t\t\t\t\t<\/div>\n\t\t<\/section>\n\t\t\t\t<section class=\"elementor-section elementor-top-section elementor-element elementor-element-78d76467 elementor-section-height-min-height elementor-section-boxed elementor-section-height-default elementor-section-items-middle\" data-id=\"78d76467\" data-element_type=\"section\" data-e-type=\"section\" data-settings=\"{&quot;background_background&quot;:&quot;classic&quot;}\">\n\t\t\t\t\t\t<div class=\"elementor-container elementor-column-gap-no\">\n\t\t\t\t\t<div class=\"elementor-column elementor-col-100 elementor-top-column elementor-element elementor-element-639b22eb\" data-id=\"639b22eb\" data-element_type=\"column\" data-e-type=\"column\">\n\t\t\t<div class=\"elementor-widget-wrap\">\n\t\t\t\t\t\t\t<\/div>\n\t\t<\/div>\n\t\t\t\t\t<\/div>\n\t\t<\/section>\n\t\t\t\t<section class=\"elementor-section elementor-top-section elementor-element elementor-element-684b364 elementor-section-boxed elementor-section-height-default elementor-section-height-default\" data-id=\"684b364\" data-element_type=\"section\" data-e-type=\"section\" data-settings=\"{&quot;background_background&quot;:&quot;classic&quot;}\">\n\t\t\t\t\t\t\t<div class=\"elementor-background-overlay\"><\/div>\n\t\t\t\t\t\t\t<div class=\"elementor-container elementor-column-gap-default\">\n\t\t\t\t\t<div class=\"elementor-column elementor-col-100 elementor-top-column elementor-element elementor-element-57c984fb\" data-id=\"57c984fb\" data-element_type=\"column\" data-e-type=\"column\">\n\t\t\t<div class=\"elementor-widget-wrap elementor-element-populated\">\n\t\t\t\t\t\t<div class=\"elementor-element elementor-element-75133e38 elementor-widget elementor-widget-spacer\" data-id=\"75133e38\" data-element_type=\"widget\" data-e-type=\"widget\" data-widget_type=\"spacer.default\">\n\t\t\t\t\t\t\t<div class=\"elementor-spacer\">\n\t\t\t<div class=\"elementor-spacer-inner\"><\/div>\n\t\t<\/div>\n\t\t\t\t\t\t<\/div>\n\t\t\t\t<section class=\"elementor-section elementor-inner-section elementor-element elementor-element-5729b063 elementor-section-boxed elementor-section-height-default elementor-section-height-default\" data-id=\"5729b063\" data-element_type=\"section\" data-e-type=\"section\" data-settings=\"{&quot;background_background&quot;:&quot;classic&quot;}\">\n\t\t\t\t\t\t<div class=\"elementor-container elementor-column-gap-default\">\n\t\t\t\t\t<div class=\"elementor-column elementor-col-100 elementor-inner-column elementor-element elementor-element-46e27aaf\" data-id=\"46e27aaf\" data-element_type=\"column\" data-e-type=\"column\">\n\t\t\t<div class=\"elementor-widget-wrap elementor-element-populated\">\n\t\t\t\t\t\t<div class=\"elementor-element elementor-element-6a3f7ea elementor-widget elementor-widget-spacer\" data-id=\"6a3f7ea\" data-element_type=\"widget\" data-e-type=\"widget\" data-widget_type=\"spacer.default\">\n\t\t\t\t\t\t\t<div class=\"elementor-spacer\">\n\t\t\t<div class=\"elementor-spacer-inner\"><\/div>\n\t\t<\/div>\n\t\t\t\t\t\t<\/div>\n\t\t\t\t<div class=\"elementor-element elementor-element-410b547b elementor-widget elementor-widget-heading\" data-id=\"410b547b\" data-element_type=\"widget\" data-e-type=\"widget\" data-widget_type=\"heading.default\">\n\t\t\t\t\t<h4 class=\"elementor-heading-title elementor-size-default\">Thaimassage &amp; Spa i Lund<\/h4>\t\t\t\t<\/div>\n\t\t\t\t<div class=\"elementor-element elementor-element-7bb61f8e elementor-widget elementor-widget-heading\" data-id=\"7bb61f8e\" data-element_type=\"widget\" data-e-type=\"widget\" data-widget_type=\"heading.default\">\n\t\t\t\t\t<h2 class=\"elementor-heading-title elementor-size-default\">Sparum<\/h2>\t\t\t\t<\/div>\n\t\t\t\t<div class=\"elementor-element elementor-element-68165c1e elementor-widget elementor-widget-text-editor\" data-id=\"68165c1e\" data-element_type=\"widget\" data-e-type=\"widget\" data-widget_type=\"text-editor.default\">\n\t\t\t\t\t\t\t\t\t<p>Ni blir omh\u00e4ndertagna i harmonisk och avkopplande milj\u00f6.\u00a0<\/p><p><b>Lyxmassage-paket 2,5 timmar:\u00a0<\/b><\/p><p>Pris per person: 1295kr<\/p><p><b>Detta ing\u00e5r:<\/b><\/p><p>90 minuter &#8211; basta och bada i v\u00e5rt mysiga privata sparum<\/p><p>60 minuter &#8211; h\u00e4rlig klassisk oljemassage.<\/p><p>Frukttallrik och snacks<\/p><p>Om ni vill kan ni ta med champagne eller vin g\u00e5r det bra<\/p><p>Ring 0793375936 eller boka p\u00e5 <a href=\"http:\/\/suphannahong.se\/\">Suphannahong.se<\/a><\/p><p><strong>Bokning f\u00f6r par<\/strong><\/p><p>\u00c4r ni tv\u00e5 eller fler bokar ni samma tid p\u00e5 olika kalendrar. Skriv g\u00e4rna en kommentar om att ni \u00e4r ett par och vill ha massage i samma rum.<\/p>\t\t\t\t\t\t\t\t<\/div>\n\t\t\t\t\t<\/div>\n\t\t<\/div>\n\t\t\t\t\t<\/div>\n\t\t<\/section>\n\t\t\t\t<section class=\"elementor-section elementor-inner-section elementor-element elementor-element-e64dfd2 elementor-section-boxed elementor-section-height-default elementor-section-height-default\" data-id=\"e64dfd2\" data-element_type=\"section\" data-e-type=\"section\" data-settings=\"{&quot;background_background&quot;:&quot;classic&quot;}\">\n\t\t\t\t\t\t<div class=\"elementor-container elementor-column-gap-default\">\n\t\t\t\t\t<div class=\"elementor-column elementor-col-50 elementor-inner-column elementor-element elementor-element-e39ebe0\" data-id=\"e39ebe0\" data-element_type=\"column\" data-e-type=\"column\">\n\t\t\t<div class=\"elementor-widget-wrap elementor-element-populated\">\n\t\t\t\t\t\t<div class=\"elementor-element elementor-element-0d70a60 elementor-widget elementor-widget-image\" data-id=\"0d70a60\" data-element_type=\"widget\" data-e-type=\"widget\" data-widget_type=\"image.default\">\n\t\t\t\t\t\t\t\t\t\t\t\t\t\t\t<img fetchpriority=\"high\" decoding=\"async\" width=\"768\" height=\"1024\" src=\"http:\/\/suphannahong.se\/wp-content\/uploads\/2026\/05\/bubbelbad-1-768x1024.jpeg\" class=\"attachment-large size-large wp-image-2846\" alt=\"\" srcset=\"http:\/\/suphannahong.se\/wp-content\/uploads\/2026\/05\/bubbelbad-1-768x1024.jpeg 768w, http:\/\/suphannahong.se\/wp-content\/uploads\/2026\/05\/bubbelbad-1-225x300.jpeg 225w, http:\/\/suphannahong.se\/wp-content\/uploads\/2026\/05\/bubbelbad-1-1152x1536.jpeg 1152w, http:\/\/suphannahong.se\/wp-content\/uploads\/2026\/05\/bubbelbad-1-1536x2048.jpeg 1536w, http:\/\/suphannahong.se\/wp-content\/uploads\/2026\/05\/bubbelbad-1-scaled.jpeg 1920w\" sizes=\"(max-width: 768px) 100vw, 768px\" \/>\t\t\t\t\t\t\t\t\t\t\t\t\t\t\t<\/div>\n\t\t\t\t\t<\/div>\n\t\t<\/div>\n\t\t\t\t<div class=\"elementor-column elementor-col-50 elementor-inner-column elementor-element elementor-element-affa455\" data-id=\"affa455\" data-element_type=\"column\" data-e-type=\"column\">\n\t\t\t<div class=\"elementor-widget-wrap elementor-element-populated\">\n\t\t\t\t\t\t<div class=\"elementor-element elementor-element-3eb6eca elementor-widget elementor-widget-image\" data-id=\"3eb6eca\" data-element_type=\"widget\" data-e-type=\"widget\" data-widget_type=\"image.default\">\n\t\t\t\t\t\t\t\t\t\t\t\t\t\t\t<img decoding=\"async\" width=\"768\" height=\"1024\" src=\"http:\/\/suphannahong.se\/wp-content\/uploads\/2026\/05\/bastu-1-768x1024.jpeg\" class=\"attachment-large size-large wp-image-2843\" alt=\"\" srcset=\"http:\/\/suphannahong.se\/wp-content\/uploads\/2026\/05\/bastu-1-768x1024.jpeg 768w, http:\/\/suphannahong.se\/wp-content\/uploads\/2026\/05\/bastu-1-225x300.jpeg 225w, http:\/\/suphannahong.se\/wp-content\/uploads\/2026\/05\/bastu-1-1152x1536.jpeg 1152w, http:\/\/suphannahong.se\/wp-content\/uploads\/2026\/05\/bastu-1-1536x2048.jpeg 1536w, http:\/\/suphannahong.se\/wp-content\/uploads\/2026\/05\/bastu-1-scaled.jpeg 1920w\" sizes=\"(max-width: 768px) 100vw, 768px\" \/>\t\t\t\t\t\t\t\t\t\t\t\t\t\t\t<\/div>\n\t\t\t\t\t<\/div>\n\t\t<\/div>\n\t\t\t\t\t<\/div>\n\t\t<\/section>\n\t\t\t\t<section class=\"elementor-section elementor-inner-section elementor-element elementor-element-5cec817 elementor-section-boxed elementor-section-height-default elementor-section-height-default\" data-id=\"5cec817\" data-element_type=\"section\" data-e-type=\"section\" data-settings=\"{&quot;background_background&quot;:&quot;classic&quot;}\">\n\t\t\t\t\t\t<div class=\"elementor-container elementor-column-gap-default\">\n\t\t\t\t\t<div class=\"elementor-column elementor-col-100 elementor-inner-column elementor-element elementor-element-aa5131b\" data-id=\"aa5131b\" data-element_type=\"column\" data-e-type=\"column\">\n\t\t\t<div class=\"elementor-widget-wrap elementor-element-populated\">\n\t\t\t\t\t\t<div class=\"elementor-element elementor-element-aee209f elementor-widget elementor-widget-image\" data-id=\"aee209f\" data-element_type=\"widget\" data-e-type=\"widget\" data-widget_type=\"image.default\">\n\t\t\t\t\t\t\t\t\t\t\t\t\t\t\t<img decoding=\"async\" width=\"1024\" height=\"495\" src=\"http:\/\/suphannahong.se\/wp-content\/uploads\/2026\/05\/bubbelbad-1024x495.jpg\" class=\"attachment-large size-large wp-image-2847\" alt=\"\" srcset=\"http:\/\/suphannahong.se\/wp-content\/uploads\/2026\/05\/bubbelbad-1024x495.jpg 1024w, http:\/\/suphannahong.se\/wp-content\/uploads\/2026\/05\/bubbelbad-300x145.jpg 300w, http:\/\/suphannahong.se\/wp-content\/uploads\/2026\/05\/bubbelbad-768x371.jpg 768w, http:\/\/suphannahong.se\/wp-content\/uploads\/2026\/05\/bubbelbad-1536x743.jpg 1536w, http:\/\/suphannahong.se\/wp-content\/uploads\/2026\/05\/bubbelbad-2048x990.jpg 2048w\" sizes=\"(max-width: 1024px) 100vw, 1024px\" \/>\t\t\t\t\t\t\t\t\t\t\t\t\t\t\t<\/div>\n\t\t\t\t\t<\/div>\n\t\t<\/div>\n\t\t\t\t\t<\/div>\n\t\t<\/section>\n\t\t\t\t<section class=\"elementor-section elementor-inner-section elementor-element elementor-element-abcf018 elementor-section-boxed elementor-section-height-default elementor-section-height-default\" data-id=\"abcf018\" data-element_type=\"section\" data-e-type=\"section\" data-settings=\"{&quot;background_background&quot;:&quot;classic&quot;}\">\n\t\t\t\t\t\t<div class=\"elementor-container elementor-column-gap-default\">\n\t\t\t\t\t<div class=\"elementor-column elementor-col-50 elementor-inner-column elementor-element elementor-element-23bf7ee\" data-id=\"23bf7ee\" data-element_type=\"column\" data-e-type=\"column\">\n\t\t\t<div class=\"elementor-widget-wrap\">\n\t\t\t\t\t\t\t<\/div>\n\t\t<\/div>\n\t\t\t\t<div class=\"elementor-column elementor-col-50 elementor-inner-column elementor-element elementor-element-a920db1\" data-id=\"a920db1\" data-element_type=\"column\" data-e-type=\"column\">\n\t\t\t<div class=\"elementor-widget-wrap\">\n\t\t\t\t\t\t\t<\/div>\n\t\t<\/div>\n\t\t\t\t\t<\/div>\n\t\t<\/section>\n\t\t\t\t<div class=\"elementor-element elementor-element-2b76ae22 elementor-widget elementor-widget-spacer\" data-id=\"2b76ae22\" data-element_type=\"widget\" data-e-type=\"widget\" data-widget_type=\"spacer.default\">\n\t\t\t\t\t\t\t<div class=\"elementor-spacer\">\n\t\t\t<div class=\"elementor-spacer-inner\"><\/div>\n\t\t<\/div>\n\t\t\t\t\t\t<\/div>\n\t\t\t\t\t<\/div>\n\t\t<\/div>\n\t\t\t\t\t<\/div>\n\t\t<\/section>\n\t\t\t\t<section class=\"elementor-section elementor-top-section elementor-element elementor-element-29aff1e6 elementor-section-height-min-height elementor-section-boxed elementor-section-height-default elementor-section-items-middle\" data-id=\"29aff1e6\" data-element_type=\"section\" data-e-type=\"section\" data-settings=\"{&quot;background_background&quot;:&quot;classic&quot;}\">\n\t\t\t\t\t\t<div class=\"elementor-container elementor-column-gap-no\">\n\t\t\t\t\t<div class=\"elementor-column elementor-col-100 elementor-top-column elementor-element elementor-element-60e9dda2\" data-id=\"60e9dda2\" data-element_type=\"column\" data-e-type=\"column\">\n\t\t\t<div class=\"elementor-widget-wrap\">\n\t\t\t\t\t\t\t<\/div>\n\t\t<\/div>\n\t\t\t\t\t<\/div>\n\t\t<\/section>\n\t\t\t\t<\/div>\n\t\t","protected":false},"excerpt":{"rendered":"<p>Thaimassage &amp; Spa i Lund Suphannahong Thaimassage Minispa i centrala LundVi finns p\u00e5 Lilla Tv\u00e4rgatan 16a i Lund. &gt;&gt; Boka Lilla Tv\u00e4rgatan 16 A Thaimassage &amp; Spa i Lund Sparum Ni blir omh\u00e4ndertagna i harmonisk och avkopplande milj\u00f6.\u00a0 Lyxmassage-paket 2,5 &hellip; <a class=\"kt-excerpt-readmore more-link\" href=\"http:\/\/suphannahong.se\/index.php\/spa-2\/\">Read More<\/a><\/p>\n","protected":false},"author":1,"featured_media":0,"parent":0,"menu_order":0,"comment_status":"closed","ping_status":"closed","template":"","meta":{"kt_blocks_editor_width":"","footnotes":""},"class_list":["post-2284","page","type-page","status-publish","hentry"],"yoast_head":"<!-- This site is optimized with the Yoast SEO plugin v27.5 - https:\/\/yoast.com\/product\/yoast-seo-wordpress\/ -->\n<title>Spa - Suphannahong Wellness and Spa<\/title>\n<meta name=\"robots\" content=\"index, follow, max-snippet:-1, max-image-preview:large, max-video-preview:-1\" \/>\n<link rel=\"canonical\" href=\"https:\/\/suphannahong.se\/index.php\/spa-2\/\" \/>\n<meta property=\"og:locale\" content=\"sv_SE\" \/>\n<meta property=\"og:type\" content=\"article\" \/>\n<meta property=\"og:title\" content=\"Spa - Suphannahong Wellness and Spa\" \/>\n<meta property=\"og:description\" content=\"Thaimassage &amp; Spa i Lund Suphannahong Thaimassage Minispa i centrala LundVi finns p\u00e5 Lilla Tv\u00e4rgatan 16a i Lund. &gt;&gt; Boka Lilla Tv\u00e4rgatan 16 A Thaimassage &amp; Spa i Lund Sparum Ni blir omh\u00e4ndertagna i harmonisk och avkopplande milj\u00f6.\u00a0 Lyxmassage-paket 2,5 &hellip; Read More\" \/>\n<meta property=\"og:url\" content=\"https:\/\/suphannahong.se\/index.php\/spa-2\/\" \/>\n<meta property=\"og:site_name\" content=\"Suphannahong Wellness and Spa\" \/>\n<meta property=\"article:modified_time\" content=\"2026-05-12T17:33:19+00:00\" \/>\n<meta property=\"og:image\" content=\"http:\/\/suphannahong.se\/wp-content\/uploads\/2026\/05\/bubbelbad-1-768x1024.jpeg\" \/>\n<meta name=\"twitter:card\" content=\"summary_large_image\" \/>\n<meta name=\"twitter:label1\" content=\"Ber\u00e4knad l\u00e4stid\" \/>\n\t<meta name=\"twitter:data1\" content=\"1 minut\" \/>\n<script type=\"application\/ld+json\" class=\"yoast-schema-graph\">{\"@context\":\"https:\\\/\\\/schema.org\",\"@graph\":[{\"@type\":\"WebPage\",\"@id\":\"https:\\\/\\\/suphannahong.se\\\/index.php\\\/spa-2\\\/\",\"url\":\"https:\\\/\\\/suphannahong.se\\\/index.php\\\/spa-2\\\/\",\"name\":\"Spa - Suphannahong Wellness and Spa\",\"isPartOf\":{\"@id\":\"https:\\\/\\\/suphannahong.se\\\/#website\"},\"primaryImageOfPage\":{\"@id\":\"https:\\\/\\\/suphannahong.se\\\/index.php\\\/spa-2\\\/#primaryimage\"},\"image\":{\"@id\":\"https:\\\/\\\/suphannahong.se\\\/index.php\\\/spa-2\\\/#primaryimage\"},\"thumbnailUrl\":\"http:\\\/\\\/suphannahong.se\\\/wp-content\\\/uploads\\\/2026\\\/05\\\/bubbelbad-1-768x1024.jpeg\",\"datePublished\":\"2023-01-22T11:17:30+00:00\",\"dateModified\":\"2026-05-12T17:33:19+00:00\",\"breadcrumb\":{\"@id\":\"https:\\\/\\\/suphannahong.se\\\/index.php\\\/spa-2\\\/#breadcrumb\"},\"inLanguage\":\"sv-SE\",\"potentialAction\":[{\"@type\":\"ReadAction\",\"target\":[\"https:\\\/\\\/suphannahong.se\\\/index.php\\\/spa-2\\\/\"]}]},{\"@type\":\"ImageObject\",\"inLanguage\":\"sv-SE\",\"@id\":\"https:\\\/\\\/suphannahong.se\\\/index.php\\\/spa-2\\\/#primaryimage\",\"url\":\"http:\\\/\\\/suphannahong.se\\\/wp-content\\\/uploads\\\/2026\\\/05\\\/bubbelbad-1-768x1024.jpeg\",\"contentUrl\":\"http:\\\/\\\/suphannahong.se\\\/wp-content\\\/uploads\\\/2026\\\/05\\\/bubbelbad-1-768x1024.jpeg\"},{\"@type\":\"BreadcrumbList\",\"@id\":\"https:\\\/\\\/suphannahong.se\\\/index.php\\\/spa-2\\\/#breadcrumb\",\"itemListElement\":[{\"@type\":\"ListItem\",\"position\":1,\"name\":\"Hem\",\"item\":\"https:\\\/\\\/suphannahong.se\\\/\"},{\"@type\":\"ListItem\",\"position\":2,\"name\":\"Spa\"}]},{\"@type\":\"WebSite\",\"@id\":\"https:\\\/\\\/suphannahong.se\\\/#website\",\"url\":\"https:\\\/\\\/suphannahong.se\\\/\",\"name\":\"Suphannahong Wellness and Spa\",\"description\":\"relax &amp; thaimassage i Lund\",\"publisher\":{\"@id\":\"https:\\\/\\\/suphannahong.se\\\/#organization\"},\"potentialAction\":[{\"@type\":\"SearchAction\",\"target\":{\"@type\":\"EntryPoint\",\"urlTemplate\":\"https:\\\/\\\/suphannahong.se\\\/?s={search_term_string}\"},\"query-input\":{\"@type\":\"PropertyValueSpecification\",\"valueRequired\":true,\"valueName\":\"search_term_string\"}}],\"inLanguage\":\"sv-SE\"},{\"@type\":\"Organization\",\"@id\":\"https:\\\/\\\/suphannahong.se\\\/#organization\",\"name\":\"Suphannahong Wellness and Spa\",\"url\":\"https:\\\/\\\/suphannahong.se\\\/\",\"logo\":{\"@type\":\"ImageObject\",\"inLanguage\":\"sv-SE\",\"@id\":\"https:\\\/\\\/suphannahong.se\\\/#\\\/schema\\\/logo\\\/image\\\/\",\"url\":\"http:\\\/\\\/suphannahong.se\\\/wp-content\\\/uploads\\\/2026\\\/05\\\/logo-header.png\",\"contentUrl\":\"http:\\\/\\\/suphannahong.se\\\/wp-content\\\/uploads\\\/2026\\\/05\\\/logo-header.png\",\"width\":1500,\"height\":408,\"caption\":\"Suphannahong Wellness and Spa\"},\"image\":{\"@id\":\"https:\\\/\\\/suphannahong.se\\\/#\\\/schema\\\/logo\\\/image\\\/\"}}]}<\/script>\n<!-- \/ Yoast SEO plugin. -->","yoast_head_json":{"title":"Spa - Suphannahong Wellness and Spa","robots":{"index":"index","follow":"follow","max-snippet":"max-snippet:-1","max-image-preview":"max-image-preview:large","max-video-preview":"max-video-preview:-1"},"canonical":"https:\/\/suphannahong.se\/index.php\/spa-2\/","og_locale":"sv_SE","og_type":"article","og_title":"Spa - Suphannahong Wellness and Spa","og_description":"Thaimassage &amp; Spa i Lund Suphannahong Thaimassage Minispa i centrala LundVi finns p\u00e5 Lilla Tv\u00e4rgatan 16a i Lund. &gt;&gt; Boka Lilla Tv\u00e4rgatan 16 A Thaimassage &amp; Spa i Lund Sparum Ni blir omh\u00e4ndertagna i harmonisk och avkopplande milj\u00f6.\u00a0 Lyxmassage-paket 2,5 &hellip; Read More","og_url":"https:\/\/suphannahong.se\/index.php\/spa-2\/","og_site_name":"Suphannahong Wellness and Spa","article_modified_time":"2026-05-12T17:33:19+00:00","og_image":[{"url":"http:\/\/suphannahong.se\/wp-content\/uploads\/2026\/05\/bubbelbad-1-768x1024.jpeg","type":"","width":"","height":""}],"twitter_card":"summary_large_image","twitter_misc":{"Ber\u00e4knad l\u00e4stid":"1 minut"},"schema":{"@context":"https:\/\/schema.org","@graph":[{"@type":"WebPage","@id":"https:\/\/suphannahong.se\/index.php\/spa-2\/","url":"https:\/\/suphannahong.se\/index.php\/spa-2\/","name":"Spa - Suphannahong Wellness and Spa","isPartOf":{"@id":"https:\/\/suphannahong.se\/#website"},"primaryImageOfPage":{"@id":"https:\/\/suphannahong.se\/index.php\/spa-2\/#primaryimage"},"image":{"@id":"https:\/\/suphannahong.se\/index.php\/spa-2\/#primaryimage"},"thumbnailUrl":"http:\/\/suphannahong.se\/wp-content\/uploads\/2026\/05\/bubbelbad-1-768x1024.jpeg","datePublished":"2023-01-22T11:17:30+00:00","dateModified":"2026-05-12T17:33:19+00:00","breadcrumb":{"@id":"https:\/\/suphannahong.se\/index.php\/spa-2\/#breadcrumb"},"inLanguage":"sv-SE","potentialAction":[{"@type":"ReadAction","target":["https:\/\/suphannahong.se\/index.php\/spa-2\/"]}]},{"@type":"ImageObject","inLanguage":"sv-SE","@id":"https:\/\/suphannahong.se\/index.php\/spa-2\/#primaryimage","url":"http:\/\/suphannahong.se\/wp-content\/uploads\/2026\/05\/bubbelbad-1-768x1024.jpeg","contentUrl":"http:\/\/suphannahong.se\/wp-content\/uploads\/2026\/05\/bubbelbad-1-768x1024.jpeg"},{"@type":"BreadcrumbList","@id":"https:\/\/suphannahong.se\/index.php\/spa-2\/#breadcrumb","itemListElement":[{"@type":"ListItem","position":1,"name":"Hem","item":"https:\/\/suphannahong.se\/"},{"@type":"ListItem","position":2,"name":"Spa"}]},{"@type":"WebSite","@id":"https:\/\/suphannahong.se\/#website","url":"https:\/\/suphannahong.se\/","name":"Suphannahong Wellness and Spa","description":"relax &amp; thaimassage i Lund","publisher":{"@id":"https:\/\/suphannahong.se\/#organization"},"potentialAction":[{"@type":"SearchAction","target":{"@type":"EntryPoint","urlTemplate":"https:\/\/suphannahong.se\/?s={search_term_string}"},"query-input":{"@type":"PropertyValueSpecification","valueRequired":true,"valueName":"search_term_string"}}],"inLanguage":"sv-SE"},{"@type":"Organization","@id":"https:\/\/suphannahong.se\/#organization","name":"Suphannahong Wellness and Spa","url":"https:\/\/suphannahong.se\/","logo":{"@type":"ImageObject","inLanguage":"sv-SE","@id":"https:\/\/suphannahong.se\/#\/schema\/logo\/image\/","url":"http:\/\/suphannahong.se\/wp-content\/uploads\/2026\/05\/logo-header.png","contentUrl":"http:\/\/suphannahong.se\/wp-content\/uploads\/2026\/05\/logo-header.png","width":1500,"height":408,"caption":"Suphannahong Wellness and Spa"},"image":{"@id":"https:\/\/suphannahong.se\/#\/schema\/logo\/image\/"}}]}},"_links":{"self":[{"href":"http:\/\/suphannahong.se\/index.php\/wp-json\/wp\/v2\/pages\/2284","targetHints":{"allow":["GET"]}}],"collection":[{"href":"http:\/\/suphannahong.se\/index.php\/wp-json\/wp\/v2\/pages"}],"about":[{"href":"http:\/\/suphannahong.se\/index.php\/wp-json\/wp\/v2\/types\/page"}],"author":[{"embeddable":true,"href":"http:\/\/suphannahong.se\/index.php\/wp-json\/wp\/v2\/users\/1"}],"replies":[{"embeddable":true,"href":"http:\/\/suphannahong.se\/index.php\/wp-json\/wp\/v2\/comments?post=2284"}],"version-history":[{"count":6,"href":"http:\/\/suphannahong.se\/index.php\/wp-json\/wp\/v2\/pages\/2284\/revisions"}],"predecessor-version":[{"id":2859,"href":"http:\/\/suphannahong.se\/index.php\/wp-json\/wp\/v2\/pages\/2284\/revisions\/2859"}],"wp:attachment":[{"href":"http:\/\/suphannahong.se\/index.php\/wp-json\/wp\/v2\/media?parent=2284"}],"curies":[{"name":"wp","href":"https:\/\/api.w.org\/{rel}","templated":true}]}}