{"id":1621,"date":"2020-01-16T19:12:01","date_gmt":"2020-01-16T18:12:01","guid":{"rendered":"https:\/\/www.suphannahongthaimassage.se\/?page_id=1621"},"modified":"2026-05-12T17:57:00","modified_gmt":"2026-05-12T17:57:00","slug":"cookie-policy","status":"publish","type":"page","link":"http:\/\/suphannahong.se\/index.php\/cookie-policy\/","title":{"rendered":"Cookie Policy"},"content":{"rendered":"\t\t<div data-elementor-type=\"wp-page\" data-elementor-id=\"1621\" class=\"elementor elementor-1621\">\n\t\t\t\t\t\t<section class=\"elementor-section elementor-top-section elementor-element elementor-element-140bcfc1 elementor-section-height-min-height elementor-section-boxed elementor-section-height-default elementor-section-items-middle\" data-id=\"140bcfc1\" data-element_type=\"section\" data-e-type=\"section\" data-settings=\"{&quot;background_background&quot;:&quot;classic&quot;}\">\n\t\t\t\t\t\t<div class=\"elementor-container elementor-column-gap-no\">\n\t\t\t\t\t<div class=\"elementor-column elementor-col-100 elementor-top-column elementor-element elementor-element-3d80b197\" data-id=\"3d80b197\" data-element_type=\"column\" data-e-type=\"column\">\n\t\t\t<div class=\"elementor-widget-wrap\">\n\t\t\t\t\t\t\t<\/div>\n\t\t<\/div>\n\t\t\t\t\t<\/div>\n\t\t<\/section>\n\t\t\t\t<section class=\"elementor-section elementor-top-section elementor-element elementor-element-7eb3677a elementor-section-height-min-height elementor-section-boxed elementor-section-height-default elementor-section-items-middle\" data-id=\"7eb3677a\" data-element_type=\"section\" data-e-type=\"section\" data-settings=\"{&quot;background_background&quot;:&quot;classic&quot;}\">\n\t\t\t\t\t\t\t<div class=\"elementor-background-overlay\"><\/div>\n\t\t\t\t\t\t\t<div class=\"elementor-container elementor-column-gap-no\">\n\t\t\t\t\t<div class=\"elementor-column elementor-col-100 elementor-top-column elementor-element elementor-element-7676a34\" data-id=\"7676a34\" data-element_type=\"column\" data-e-type=\"column\">\n\t\t\t<div class=\"elementor-widget-wrap elementor-element-populated\">\n\t\t\t\t\t\t<div class=\"elementor-element elementor-element-6779a35d elementor-widget elementor-widget-heading\" data-id=\"6779a35d\" data-element_type=\"widget\" data-e-type=\"widget\" data-widget_type=\"heading.default\">\n\t\t\t\t\t<h4 class=\"elementor-heading-title elementor-size-default\">Relax &amp; Thaimassage i Lund<\/h4>\t\t\t\t<\/div>\n\t\t\t\t<div class=\"elementor-element elementor-element-5583cad8 elementor-widget elementor-widget-heading\" data-id=\"5583cad8\" data-element_type=\"widget\" data-e-type=\"widget\" data-widget_type=\"heading.default\">\n\t\t\t\t\t<h2 class=\"elementor-heading-title elementor-size-default\">Suphannahong Thaimassage<\/h2>\t\t\t\t<\/div>\n\t\t\t\t<div class=\"elementor-element elementor-element-5be7930 elementor-widget-divider--view-line elementor-widget elementor-widget-divider\" data-id=\"5be7930\" data-element_type=\"widget\" data-e-type=\"widget\" data-widget_type=\"divider.default\">\n\t\t\t\t\t\t\t<div class=\"elementor-divider\">\n\t\t\t<span class=\"elementor-divider-separator\">\n\t\t\t\t\t\t<\/span>\n\t\t<\/div>\n\t\t\t\t\t\t<\/div>\n\t\t\t\t<div class=\"elementor-element elementor-element-61aa3d65 elementor-widget elementor-widget-text-editor\" data-id=\"61aa3d65\" data-element_type=\"widget\" data-e-type=\"widget\" data-widget_type=\"text-editor.default\">\n\t\t\t\t\t\t\t\t\t<p>Thaimassage av professionell personal.<br \/>Vi finns p\u00e5 Lilla Tv\u00e4rgatan 16a i Lund.<\/p>\t\t\t\t\t\t\t\t<\/div>\n\t\t\t\t<section class=\"elementor-section elementor-inner-section elementor-element elementor-element-69d9819d elementor-section-boxed elementor-section-height-default elementor-section-height-default\" data-id=\"69d9819d\" data-element_type=\"section\" data-e-type=\"section\">\n\t\t\t\t\t\t<div class=\"elementor-container elementor-column-gap-default\">\n\t\t\t\t\t<div class=\"elementor-column elementor-col-100 elementor-inner-column elementor-element elementor-element-53c7ad6\" data-id=\"53c7ad6\" data-element_type=\"column\" data-e-type=\"column\">\n\t\t\t<div class=\"elementor-widget-wrap elementor-element-populated\">\n\t\t\t\t\t\t<div class=\"elementor-element elementor-element-56c42bc7 elementor-align-center elementor-mobile-align-center elementor-widget elementor-widget-button\" data-id=\"56c42bc7\" data-element_type=\"widget\" data-e-type=\"widget\" data-widget_type=\"button.default\">\n\t\t\t\t\t\t\t\t\t\t<a class=\"elementor-button elementor-button-link elementor-size-sm\" href=\"https:\/\/www.bokadirekt.se\/places\/suphannahong-2-30560\">\n\t\t\t\t\t\t<span class=\"elementor-button-content-wrapper\">\n\t\t\t\t\t\t\t\t\t<span class=\"elementor-button-text\">&gt;&gt; Boka Lilla Tv\u00e4rgatan 16 A<\/span>\n\t\t\t\t\t<\/span>\n\t\t\t\t\t<\/a>\n\t\t\t\t\t\t\t\t<\/div>\n\t\t\t\t\t<\/div>\n\t\t<\/div>\n\t\t\t\t\t<\/div>\n\t\t<\/section>\n\t\t\t\t\t<\/div>\n\t\t<\/div>\n\t\t\t\t\t<\/div>\n\t\t<\/section>\n\t\t\t\t<section class=\"elementor-section elementor-top-section elementor-element elementor-element-15115c91 elementor-section-height-min-height elementor-section-boxed elementor-section-height-default elementor-section-items-middle\" data-id=\"15115c91\" data-element_type=\"section\" data-e-type=\"section\" data-settings=\"{&quot;background_background&quot;:&quot;classic&quot;}\">\n\t\t\t\t\t\t<div class=\"elementor-container elementor-column-gap-no\">\n\t\t\t\t\t<div class=\"elementor-column elementor-col-100 elementor-top-column elementor-element elementor-element-258fbbdd\" data-id=\"258fbbdd\" data-element_type=\"column\" data-e-type=\"column\">\n\t\t\t<div class=\"elementor-widget-wrap\">\n\t\t\t\t\t\t\t<\/div>\n\t\t<\/div>\n\t\t\t\t\t<\/div>\n\t\t<\/section>\n\t\t\t\t<section class=\"elementor-section elementor-top-section elementor-element elementor-element-5585408b elementor-section-boxed elementor-section-height-default elementor-section-height-default\" data-id=\"5585408b\" data-element_type=\"section\" data-e-type=\"section\" data-settings=\"{&quot;background_background&quot;:&quot;classic&quot;}\">\n\t\t\t\t\t\t\t<div class=\"elementor-background-overlay\"><\/div>\n\t\t\t\t\t\t\t<div class=\"elementor-container elementor-column-gap-default\">\n\t\t\t\t\t<div class=\"elementor-column elementor-col-100 elementor-top-column elementor-element elementor-element-30b600ea\" data-id=\"30b600ea\" data-element_type=\"column\" data-e-type=\"column\">\n\t\t\t<div class=\"elementor-widget-wrap elementor-element-populated\">\n\t\t\t\t\t\t<div class=\"elementor-element elementor-element-18b4c607 elementor-widget elementor-widget-spacer\" data-id=\"18b4c607\" data-element_type=\"widget\" data-e-type=\"widget\" data-widget_type=\"spacer.default\">\n\t\t\t\t\t\t\t<div class=\"elementor-spacer\">\n\t\t\t<div class=\"elementor-spacer-inner\"><\/div>\n\t\t<\/div>\n\t\t\t\t\t\t<\/div>\n\t\t\t\t<section class=\"elementor-section elementor-inner-section elementor-element elementor-element-3dd6ec53 elementor-section-boxed elementor-section-height-default elementor-section-height-default\" data-id=\"3dd6ec53\" data-element_type=\"section\" data-e-type=\"section\" data-settings=\"{&quot;background_background&quot;:&quot;classic&quot;}\">\n\t\t\t\t\t\t<div class=\"elementor-container elementor-column-gap-default\">\n\t\t\t\t\t<div class=\"elementor-column elementor-col-100 elementor-inner-column elementor-element elementor-element-6b2e53e1\" data-id=\"6b2e53e1\" data-element_type=\"column\" data-e-type=\"column\">\n\t\t\t<div class=\"elementor-widget-wrap elementor-element-populated\">\n\t\t\t\t\t\t<div class=\"elementor-element elementor-element-224ae78a elementor-widget elementor-widget-spacer\" data-id=\"224ae78a\" data-element_type=\"widget\" data-e-type=\"widget\" data-widget_type=\"spacer.default\">\n\t\t\t\t\t\t\t<div class=\"elementor-spacer\">\n\t\t\t<div class=\"elementor-spacer-inner\"><\/div>\n\t\t<\/div>\n\t\t\t\t\t\t<\/div>\n\t\t\t\t<div class=\"elementor-element elementor-element-217adebc elementor-widget elementor-widget-heading\" data-id=\"217adebc\" data-element_type=\"widget\" data-e-type=\"widget\" data-widget_type=\"heading.default\">\n\t\t\t\t\t<h4 class=\"elementor-heading-title elementor-size-default\">Relax &amp; Thaimassage i Lund<\/h4>\t\t\t\t<\/div>\n\t\t\t\t<div class=\"elementor-element elementor-element-72643d8c elementor-widget elementor-widget-heading\" data-id=\"72643d8c\" data-element_type=\"widget\" data-e-type=\"widget\" data-widget_type=\"heading.default\">\n\t\t\t\t\t<h2 class=\"elementor-heading-title elementor-size-default\">Cookie Policy<\/h2>\t\t\t\t<\/div>\n\t\t\t\t\t<\/div>\n\t\t<\/div>\n\t\t\t\t\t<\/div>\n\t\t<\/section>\n\t\t\t\t<section class=\"elementor-section elementor-inner-section elementor-element elementor-element-5fcae955 elementor-section-boxed elementor-section-height-default elementor-section-height-default\" data-id=\"5fcae955\" data-element_type=\"section\" data-e-type=\"section\" data-settings=\"{&quot;background_background&quot;:&quot;classic&quot;}\">\n\t\t\t\t\t\t<div class=\"elementor-container elementor-column-gap-wider\">\n\t\t\t\t\t<div class=\"elementor-column elementor-col-100 elementor-inner-column elementor-element elementor-element-99e3346\" data-id=\"99e3346\" data-element_type=\"column\" data-e-type=\"column\">\n\t\t\t<div class=\"elementor-widget-wrap elementor-element-populated\">\n\t\t\t\t\t\t<div class=\"elementor-element elementor-element-27e42293 elementor-widget elementor-widget-text-editor\" data-id=\"27e42293\" data-element_type=\"widget\" data-e-type=\"widget\" data-widget_type=\"text-editor.default\">\n\t\t\t\t\t\t\t\t\t<h2>Cookies<\/h2><p>This site contains cookies.<br \/>We do not save any personal information via cookies and the information about you as a visitor can not be traced by us via cookies.<\/p><p><strong>Cookie Information<\/strong><br \/>A cookie is a small text file sent from our web server and saved by your browser. There are two kinds of cookies, &#8221;regular&#8221; cookies and session cookies. Session cookies disappear when you close your browser and are not saved, while regular cookies are stored on your computer for a long time.<\/p><p>For more information about <a href=\"http:\/\/files.investis.com\/info\/disabling-cookies.html\">disabling cookies<\/a> and what is applicable by law, please visit:<a href=\"https:\/\/pts.se\/en\/english-b\/regulations2\/legislation\/electronic-communications-act\/q\/\"> pts.se\/en\/english-b<\/a><\/p><h2>Google Analytics<\/h2><p>This website uses Google Analytics, a web analytics service provided by Google, Inc. (\u00bbGoogle\u00ab). Google Analytics uses cookies, which are text files placed on your computer, to help the website analyze how users use the site. The information generated by the cookie about your use of the website (including your IP address) will be transmitted to and stored by Google on servers in the United States. In case of activation of the IP anonymization, Google will truncate\/anonymize the last octet of the IP address for Member States of the European Union as well as for other parties to the Agreement on the European Economic Area. Only in exceptional cases, the full IP address is sent to and shortened by Google servers in the USA. On behalf of the website provider Google will use this information for the purpose of evaluating your use of the website, compiling reports on website activity for website operators and providing other services relating to website activity and internet usage to the website provider. Google will not associate your IP address with any other data held by Google. By using this website, you consent to the processing of data about you by Google in the manner and for the purposes set out above.<\/p><p><strong>How to prevent being tracked by Google Analytics<\/strong><br \/>You may refuse the use of cookies by selecting the appropriate settings on your browser. However, please note that if you do this, you may not be able to use the full functionality of this website.<br \/>Furthermore you can prevent Google\u2019s collection and use of data (cookies and IP address) by downloading and installing the browser plug-in available under <a href=\"https:\/\/tools.google.com\/dlpage\/gaoptout?hl=en\">https:\/\/tools.google.com\/dlpage\/gaoptout?hl=en<\/a>.<\/p><h2>Consent<\/h2><p>By using our site, you agree to our cookie policy.<\/p>\t\t\t\t\t\t\t\t<\/div>\n\t\t\t\t\t<\/div>\n\t\t<\/div>\n\t\t\t\t\t<\/div>\n\t\t<\/section>\n\t\t\t\t<div class=\"elementor-element elementor-element-232efc2c elementor-widget elementor-widget-spacer\" data-id=\"232efc2c\" data-element_type=\"widget\" data-e-type=\"widget\" data-widget_type=\"spacer.default\">\n\t\t\t\t\t\t\t<div class=\"elementor-spacer\">\n\t\t\t<div class=\"elementor-spacer-inner\"><\/div>\n\t\t<\/div>\n\t\t\t\t\t\t<\/div>\n\t\t\t\t\t<\/div>\n\t\t<\/div>\n\t\t\t\t\t<\/div>\n\t\t<\/section>\n\t\t\t\t<section class=\"elementor-section elementor-top-section elementor-element elementor-element-61395cf3 elementor-section-height-min-height elementor-section-boxed elementor-section-height-default elementor-section-items-middle\" data-id=\"61395cf3\" data-element_type=\"section\" data-e-type=\"section\" data-settings=\"{&quot;background_background&quot;:&quot;classic&quot;}\">\n\t\t\t\t\t\t<div class=\"elementor-container elementor-column-gap-no\">\n\t\t\t\t\t<div class=\"elementor-column elementor-col-100 elementor-top-column elementor-element elementor-element-61ca24e0\" data-id=\"61ca24e0\" data-element_type=\"column\" data-e-type=\"column\">\n\t\t\t<div class=\"elementor-widget-wrap\">\n\t\t\t\t\t\t\t<\/div>\n\t\t<\/div>\n\t\t\t\t\t<\/div>\n\t\t<\/section>\n\t\t\t\t<\/div>\n\t\t","protected":false},"excerpt":{"rendered":"<p>Relax &amp; Thaimassage i Lund Suphannahong Thaimassage Thaimassage av professionell personal.Vi finns p\u00e5 Lilla Tv\u00e4rgatan 16a i Lund. &gt;&gt; Boka Lilla Tv\u00e4rgatan 16 A Relax &amp; Thaimassage i Lund Cookie Policy Cookies This site contains cookies.We do not save any &hellip; <a class=\"kt-excerpt-readmore more-link\" href=\"http:\/\/suphannahong.se\/index.php\/cookie-policy\/\">Read More<\/a><\/p>\n","protected":false},"author":1,"featured_media":0,"parent":0,"menu_order":0,"comment_status":"closed","ping_status":"closed","template":"","meta":{"kt_blocks_editor_width":"","footnotes":""},"class_list":["post-1621","page","type-page","status-publish","hentry"],"yoast_head":"<!-- This site is optimized with the Yoast SEO plugin v27.5 - https:\/\/yoast.com\/product\/yoast-seo-wordpress\/ -->\n<title>Cookie Policy - Suphannahong Wellness and Spa<\/title>\n<meta name=\"robots\" content=\"index, follow, max-snippet:-1, max-image-preview:large, max-video-preview:-1\" \/>\n<link rel=\"canonical\" href=\"https:\/\/suphannahong.se\/index.php\/cookie-policy\/\" \/>\n<meta property=\"og:locale\" content=\"sv_SE\" \/>\n<meta property=\"og:type\" content=\"article\" \/>\n<meta property=\"og:title\" content=\"Cookie Policy - Suphannahong Wellness and Spa\" \/>\n<meta property=\"og:description\" content=\"Relax &amp; Thaimassage i Lund Suphannahong Thaimassage Thaimassage av professionell personal.Vi finns p\u00e5 Lilla Tv\u00e4rgatan 16a i Lund. &gt;&gt; Boka Lilla Tv\u00e4rgatan 16 A Relax &amp; Thaimassage i Lund Cookie Policy Cookies This site contains cookies.We do not save any &hellip; Read More\" \/>\n<meta property=\"og:url\" content=\"https:\/\/suphannahong.se\/index.php\/cookie-policy\/\" \/>\n<meta property=\"og:site_name\" content=\"Suphannahong Wellness and Spa\" \/>\n<meta property=\"article:modified_time\" content=\"2026-05-12T17:57:00+00:00\" \/>\n<meta name=\"twitter:card\" content=\"summary_large_image\" \/>\n<meta name=\"twitter:label1\" content=\"Ber\u00e4knad l\u00e4stid\" \/>\n\t<meta name=\"twitter:data1\" content=\"3 minuter\" \/>\n<script type=\"application\/ld+json\" class=\"yoast-schema-graph\">{\"@context\":\"https:\\\/\\\/schema.org\",\"@graph\":[{\"@type\":\"WebPage\",\"@id\":\"https:\\\/\\\/suphannahong.se\\\/index.php\\\/cookie-policy\\\/\",\"url\":\"https:\\\/\\\/suphannahong.se\\\/index.php\\\/cookie-policy\\\/\",\"name\":\"Cookie Policy - Suphannahong Wellness and Spa\",\"isPartOf\":{\"@id\":\"https:\\\/\\\/suphannahong.se\\\/#website\"},\"datePublished\":\"2020-01-16T18:12:01+00:00\",\"dateModified\":\"2026-05-12T17:57:00+00:00\",\"breadcrumb\":{\"@id\":\"https:\\\/\\\/suphannahong.se\\\/index.php\\\/cookie-policy\\\/#breadcrumb\"},\"inLanguage\":\"sv-SE\",\"potentialAction\":[{\"@type\":\"ReadAction\",\"target\":[\"https:\\\/\\\/suphannahong.se\\\/index.php\\\/cookie-policy\\\/\"]}]},{\"@type\":\"BreadcrumbList\",\"@id\":\"https:\\\/\\\/suphannahong.se\\\/index.php\\\/cookie-policy\\\/#breadcrumb\",\"itemListElement\":[{\"@type\":\"ListItem\",\"position\":1,\"name\":\"Hem\",\"item\":\"https:\\\/\\\/suphannahong.se\\\/\"},{\"@type\":\"ListItem\",\"position\":2,\"name\":\"Cookie Policy\"}]},{\"@type\":\"WebSite\",\"@id\":\"https:\\\/\\\/suphannahong.se\\\/#website\",\"url\":\"https:\\\/\\\/suphannahong.se\\\/\",\"name\":\"Suphannahong Wellness and Spa\",\"description\":\"relax &amp; thaimassage i Lund\",\"publisher\":{\"@id\":\"https:\\\/\\\/suphannahong.se\\\/#organization\"},\"potentialAction\":[{\"@type\":\"SearchAction\",\"target\":{\"@type\":\"EntryPoint\",\"urlTemplate\":\"https:\\\/\\\/suphannahong.se\\\/?s={search_term_string}\"},\"query-input\":{\"@type\":\"PropertyValueSpecification\",\"valueRequired\":true,\"valueName\":\"search_term_string\"}}],\"inLanguage\":\"sv-SE\"},{\"@type\":\"Organization\",\"@id\":\"https:\\\/\\\/suphannahong.se\\\/#organization\",\"name\":\"Suphannahong Wellness and Spa\",\"url\":\"https:\\\/\\\/suphannahong.se\\\/\",\"logo\":{\"@type\":\"ImageObject\",\"inLanguage\":\"sv-SE\",\"@id\":\"https:\\\/\\\/suphannahong.se\\\/#\\\/schema\\\/logo\\\/image\\\/\",\"url\":\"http:\\\/\\\/suphannahong.se\\\/wp-content\\\/uploads\\\/2026\\\/05\\\/logo-header.png\",\"contentUrl\":\"http:\\\/\\\/suphannahong.se\\\/wp-content\\\/uploads\\\/2026\\\/05\\\/logo-header.png\",\"width\":1500,\"height\":408,\"caption\":\"Suphannahong Wellness and Spa\"},\"image\":{\"@id\":\"https:\\\/\\\/suphannahong.se\\\/#\\\/schema\\\/logo\\\/image\\\/\"}}]}<\/script>\n<!-- \/ Yoast SEO plugin. -->","yoast_head_json":{"title":"Cookie Policy - Suphannahong Wellness and Spa","robots":{"index":"index","follow":"follow","max-snippet":"max-snippet:-1","max-image-preview":"max-image-preview:large","max-video-preview":"max-video-preview:-1"},"canonical":"https:\/\/suphannahong.se\/index.php\/cookie-policy\/","og_locale":"sv_SE","og_type":"article","og_title":"Cookie Policy - Suphannahong Wellness and Spa","og_description":"Relax &amp; Thaimassage i Lund Suphannahong Thaimassage Thaimassage av professionell personal.Vi finns p\u00e5 Lilla Tv\u00e4rgatan 16a i Lund. &gt;&gt; Boka Lilla Tv\u00e4rgatan 16 A Relax &amp; Thaimassage i Lund Cookie Policy Cookies This site contains cookies.We do not save any &hellip; Read More","og_url":"https:\/\/suphannahong.se\/index.php\/cookie-policy\/","og_site_name":"Suphannahong Wellness and Spa","article_modified_time":"2026-05-12T17:57:00+00:00","twitter_card":"summary_large_image","twitter_misc":{"Ber\u00e4knad l\u00e4stid":"3 minuter"},"schema":{"@context":"https:\/\/schema.org","@graph":[{"@type":"WebPage","@id":"https:\/\/suphannahong.se\/index.php\/cookie-policy\/","url":"https:\/\/suphannahong.se\/index.php\/cookie-policy\/","name":"Cookie Policy - Suphannahong Wellness and Spa","isPartOf":{"@id":"https:\/\/suphannahong.se\/#website"},"datePublished":"2020-01-16T18:12:01+00:00","dateModified":"2026-05-12T17:57:00+00:00","breadcrumb":{"@id":"https:\/\/suphannahong.se\/index.php\/cookie-policy\/#breadcrumb"},"inLanguage":"sv-SE","potentialAction":[{"@type":"ReadAction","target":["https:\/\/suphannahong.se\/index.php\/cookie-policy\/"]}]},{"@type":"BreadcrumbList","@id":"https:\/\/suphannahong.se\/index.php\/cookie-policy\/#breadcrumb","itemListElement":[{"@type":"ListItem","position":1,"name":"Hem","item":"https:\/\/suphannahong.se\/"},{"@type":"ListItem","position":2,"name":"Cookie Policy"}]},{"@type":"WebSite","@id":"https:\/\/suphannahong.se\/#website","url":"https:\/\/suphannahong.se\/","name":"Suphannahong Wellness and Spa","description":"relax &amp; thaimassage i Lund","publisher":{"@id":"https:\/\/suphannahong.se\/#organization"},"potentialAction":[{"@type":"SearchAction","target":{"@type":"EntryPoint","urlTemplate":"https:\/\/suphannahong.se\/?s={search_term_string}"},"query-input":{"@type":"PropertyValueSpecification","valueRequired":true,"valueName":"search_term_string"}}],"inLanguage":"sv-SE"},{"@type":"Organization","@id":"https:\/\/suphannahong.se\/#organization","name":"Suphannahong Wellness and Spa","url":"https:\/\/suphannahong.se\/","logo":{"@type":"ImageObject","inLanguage":"sv-SE","@id":"https:\/\/suphannahong.se\/#\/schema\/logo\/image\/","url":"http:\/\/suphannahong.se\/wp-content\/uploads\/2026\/05\/logo-header.png","contentUrl":"http:\/\/suphannahong.se\/wp-content\/uploads\/2026\/05\/logo-header.png","width":1500,"height":408,"caption":"Suphannahong Wellness and Spa"},"image":{"@id":"https:\/\/suphannahong.se\/#\/schema\/logo\/image\/"}}]}},"_links":{"self":[{"href":"http:\/\/suphannahong.se\/index.php\/wp-json\/wp\/v2\/pages\/1621","targetHints":{"allow":["GET"]}}],"collection":[{"href":"http:\/\/suphannahong.se\/index.php\/wp-json\/wp\/v2\/pages"}],"about":[{"href":"http:\/\/suphannahong.se\/index.php\/wp-json\/wp\/v2\/types\/page"}],"author":[{"embeddable":true,"href":"http:\/\/suphannahong.se\/index.php\/wp-json\/wp\/v2\/users\/1"}],"replies":[{"embeddable":true,"href":"http:\/\/suphannahong.se\/index.php\/wp-json\/wp\/v2\/comments?post=1621"}],"version-history":[{"count":6,"href":"http:\/\/suphannahong.se\/index.php\/wp-json\/wp\/v2\/pages\/1621\/revisions"}],"predecessor-version":[{"id":2868,"href":"http:\/\/suphannahong.se\/index.php\/wp-json\/wp\/v2\/pages\/1621\/revisions\/2868"}],"wp:attachment":[{"href":"http:\/\/suphannahong.se\/index.php\/wp-json\/wp\/v2\/media?parent=1621"}],"curies":[{"name":"wp","href":"https:\/\/api.w.org\/{rel}","templated":true}]}}