{"id":1618,"date":"2020-01-16T19:11:37","date_gmt":"2020-01-16T18:11:37","guid":{"rendered":"https:\/\/www.suphannahongthaimassage.se\/?page_id=1618"},"modified":"2026-05-12T18:06:43","modified_gmt":"2026-05-12T18:06:43","slug":"privacy-policy-2","status":"publish","type":"page","link":"http:\/\/suphannahong.se\/index.php\/privacy-policy-2\/","title":{"rendered":"Privacy Policy"},"content":{"rendered":"\t\t<div data-elementor-type=\"wp-page\" data-elementor-id=\"1618\" class=\"elementor elementor-1618\">\n\t\t\t\t\t\t<section class=\"elementor-section elementor-top-section elementor-element elementor-element-70f76bab elementor-section-height-min-height elementor-section-boxed elementor-section-height-default elementor-section-items-middle\" data-id=\"70f76bab\" data-element_type=\"section\" data-e-type=\"section\" data-settings=\"{&quot;background_background&quot;:&quot;classic&quot;}\">\n\t\t\t\t\t\t<div class=\"elementor-container elementor-column-gap-no\">\n\t\t\t\t\t<div class=\"elementor-column elementor-col-100 elementor-top-column elementor-element elementor-element-69474eb4\" data-id=\"69474eb4\" data-element_type=\"column\" data-e-type=\"column\">\n\t\t\t<div class=\"elementor-widget-wrap\">\n\t\t\t\t\t\t\t<\/div>\n\t\t<\/div>\n\t\t\t\t\t<\/div>\n\t\t<\/section>\n\t\t\t\t<section class=\"elementor-section elementor-top-section elementor-element elementor-element-7b4c15b1 elementor-section-height-min-height elementor-section-boxed elementor-section-height-default elementor-section-items-middle\" data-id=\"7b4c15b1\" data-element_type=\"section\" data-e-type=\"section\" data-settings=\"{&quot;background_background&quot;:&quot;classic&quot;}\">\n\t\t\t\t\t\t\t<div class=\"elementor-background-overlay\"><\/div>\n\t\t\t\t\t\t\t<div class=\"elementor-container elementor-column-gap-no\">\n\t\t\t\t\t<div class=\"elementor-column elementor-col-100 elementor-top-column elementor-element elementor-element-691ac4a7\" data-id=\"691ac4a7\" data-element_type=\"column\" data-e-type=\"column\">\n\t\t\t<div class=\"elementor-widget-wrap elementor-element-populated\">\n\t\t\t\t\t\t<div class=\"elementor-element elementor-element-60a02eff elementor-widget elementor-widget-heading\" data-id=\"60a02eff\" data-element_type=\"widget\" data-e-type=\"widget\" data-widget_type=\"heading.default\">\n\t\t\t\t\t<h4 class=\"elementor-heading-title elementor-size-default\">Relax &amp; Thaimassage i Lund<\/h4>\t\t\t\t<\/div>\n\t\t\t\t<div class=\"elementor-element elementor-element-57fed537 elementor-widget elementor-widget-heading\" data-id=\"57fed537\" data-element_type=\"widget\" data-e-type=\"widget\" data-widget_type=\"heading.default\">\n\t\t\t\t\t<h2 class=\"elementor-heading-title elementor-size-default\">Suphannahong Thaimassage<\/h2>\t\t\t\t<\/div>\n\t\t\t\t<div class=\"elementor-element elementor-element-2b622f69 elementor-widget-divider--view-line elementor-widget elementor-widget-divider\" data-id=\"2b622f69\" data-element_type=\"widget\" data-e-type=\"widget\" data-widget_type=\"divider.default\">\n\t\t\t\t\t\t\t<div class=\"elementor-divider\">\n\t\t\t<span class=\"elementor-divider-separator\">\n\t\t\t\t\t\t<\/span>\n\t\t<\/div>\n\t\t\t\t\t\t<\/div>\n\t\t\t\t<div class=\"elementor-element elementor-element-6559f41 elementor-widget elementor-widget-text-editor\" data-id=\"6559f41\" data-element_type=\"widget\" data-e-type=\"widget\" data-widget_type=\"text-editor.default\">\n\t\t\t\t\t\t\t\t\t<p>Thaimassage av professionell personal.<br \/>Vi finns p\u00e5 Lilla Tv\u00e4rgatan 16a i Lund.<\/p>\t\t\t\t\t\t\t\t<\/div>\n\t\t\t\t<section class=\"elementor-section elementor-inner-section elementor-element elementor-element-503c971 elementor-section-boxed elementor-section-height-default elementor-section-height-default\" data-id=\"503c971\" data-element_type=\"section\" data-e-type=\"section\">\n\t\t\t\t\t\t<div class=\"elementor-container elementor-column-gap-default\">\n\t\t\t\t\t<div class=\"elementor-column elementor-col-100 elementor-inner-column elementor-element elementor-element-51eabde\" data-id=\"51eabde\" data-element_type=\"column\" data-e-type=\"column\">\n\t\t\t<div class=\"elementor-widget-wrap elementor-element-populated\">\n\t\t\t\t\t\t<div class=\"elementor-element elementor-element-6fe8d20f elementor-align-center elementor-mobile-align-center elementor-widget elementor-widget-button\" data-id=\"6fe8d20f\" data-element_type=\"widget\" data-e-type=\"widget\" data-widget_type=\"button.default\">\n\t\t\t\t\t\t\t\t\t\t<a class=\"elementor-button elementor-button-link elementor-size-sm\" href=\"https:\/\/www.bokadirekt.se\/places\/suphannahong-2-30560\">\n\t\t\t\t\t\t<span class=\"elementor-button-content-wrapper\">\n\t\t\t\t\t\t\t\t\t<span class=\"elementor-button-text\">&gt;&gt; Boka Lilla Tv\u00e4rgatan 16 A<\/span>\n\t\t\t\t\t<\/span>\n\t\t\t\t\t<\/a>\n\t\t\t\t\t\t\t\t<\/div>\n\t\t\t\t\t<\/div>\n\t\t<\/div>\n\t\t\t\t\t<\/div>\n\t\t<\/section>\n\t\t\t\t\t<\/div>\n\t\t<\/div>\n\t\t\t\t\t<\/div>\n\t\t<\/section>\n\t\t\t\t<section class=\"elementor-section elementor-top-section elementor-element elementor-element-29b20e19 elementor-section-height-min-height elementor-section-boxed elementor-section-height-default elementor-section-items-middle\" data-id=\"29b20e19\" data-element_type=\"section\" data-e-type=\"section\" data-settings=\"{&quot;background_background&quot;:&quot;classic&quot;}\">\n\t\t\t\t\t\t<div class=\"elementor-container elementor-column-gap-no\">\n\t\t\t\t\t<div class=\"elementor-column elementor-col-100 elementor-top-column elementor-element elementor-element-3976cf3f\" data-id=\"3976cf3f\" data-element_type=\"column\" data-e-type=\"column\">\n\t\t\t<div class=\"elementor-widget-wrap\">\n\t\t\t\t\t\t\t<\/div>\n\t\t<\/div>\n\t\t\t\t\t<\/div>\n\t\t<\/section>\n\t\t\t\t<section class=\"elementor-section elementor-top-section elementor-element elementor-element-138a4366 elementor-section-boxed elementor-section-height-default elementor-section-height-default\" data-id=\"138a4366\" data-element_type=\"section\" data-e-type=\"section\" data-settings=\"{&quot;background_background&quot;:&quot;classic&quot;}\">\n\t\t\t\t\t\t\t<div class=\"elementor-background-overlay\"><\/div>\n\t\t\t\t\t\t\t<div class=\"elementor-container elementor-column-gap-default\">\n\t\t\t\t\t<div class=\"elementor-column elementor-col-100 elementor-top-column elementor-element elementor-element-5934eee0\" data-id=\"5934eee0\" data-element_type=\"column\" data-e-type=\"column\">\n\t\t\t<div class=\"elementor-widget-wrap elementor-element-populated\">\n\t\t\t\t\t\t<div class=\"elementor-element elementor-element-8e1492 elementor-widget elementor-widget-spacer\" data-id=\"8e1492\" data-element_type=\"widget\" data-e-type=\"widget\" data-widget_type=\"spacer.default\">\n\t\t\t\t\t\t\t<div class=\"elementor-spacer\">\n\t\t\t<div class=\"elementor-spacer-inner\"><\/div>\n\t\t<\/div>\n\t\t\t\t\t\t<\/div>\n\t\t\t\t<section class=\"elementor-section elementor-inner-section elementor-element elementor-element-67376556 elementor-section-boxed elementor-section-height-default elementor-section-height-default\" data-id=\"67376556\" data-element_type=\"section\" data-e-type=\"section\" data-settings=\"{&quot;background_background&quot;:&quot;classic&quot;}\">\n\t\t\t\t\t\t<div class=\"elementor-container elementor-column-gap-default\">\n\t\t\t\t\t<div class=\"elementor-column elementor-col-100 elementor-inner-column elementor-element elementor-element-68135366\" data-id=\"68135366\" data-element_type=\"column\" data-e-type=\"column\">\n\t\t\t<div class=\"elementor-widget-wrap elementor-element-populated\">\n\t\t\t\t\t\t<div class=\"elementor-element elementor-element-36d704c4 elementor-widget elementor-widget-spacer\" data-id=\"36d704c4\" data-element_type=\"widget\" data-e-type=\"widget\" data-widget_type=\"spacer.default\">\n\t\t\t\t\t\t\t<div class=\"elementor-spacer\">\n\t\t\t<div class=\"elementor-spacer-inner\"><\/div>\n\t\t<\/div>\n\t\t\t\t\t\t<\/div>\n\t\t\t\t<div class=\"elementor-element elementor-element-24c52a8b elementor-widget elementor-widget-heading\" data-id=\"24c52a8b\" data-element_type=\"widget\" data-e-type=\"widget\" data-widget_type=\"heading.default\">\n\t\t\t\t\t<h4 class=\"elementor-heading-title elementor-size-default\">Relax &amp; Thaimassage i Lund<\/h4>\t\t\t\t<\/div>\n\t\t\t\t<div class=\"elementor-element elementor-element-6f2734ab elementor-widget elementor-widget-heading\" data-id=\"6f2734ab\" data-element_type=\"widget\" data-e-type=\"widget\" data-widget_type=\"heading.default\">\n\t\t\t\t\t<h2 class=\"elementor-heading-title elementor-size-default\">Privacy Policy<\/h2>\t\t\t\t<\/div>\n\t\t\t\t\t<\/div>\n\t\t<\/div>\n\t\t\t\t\t<\/div>\n\t\t<\/section>\n\t\t\t\t<section class=\"elementor-section elementor-inner-section elementor-element elementor-element-69e63223 elementor-section-boxed elementor-section-height-default elementor-section-height-default\" data-id=\"69e63223\" data-element_type=\"section\" data-e-type=\"section\" data-settings=\"{&quot;background_background&quot;:&quot;classic&quot;}\">\n\t\t\t\t\t\t<div class=\"elementor-container elementor-column-gap-wider\">\n\t\t\t\t\t<div class=\"elementor-column elementor-col-100 elementor-inner-column elementor-element elementor-element-640cd5af\" data-id=\"640cd5af\" data-element_type=\"column\" data-e-type=\"column\">\n\t\t\t<div class=\"elementor-widget-wrap elementor-element-populated\">\n\t\t\t\t\t\t<div class=\"elementor-element elementor-element-71f51701 elementor-widget elementor-widget-text-editor\" data-id=\"71f51701\" data-element_type=\"widget\" data-e-type=\"widget\" data-widget_type=\"text-editor.default\">\n\t\t\t\t\t\t\t\t\t<h2>Who we are<\/h2>\n<p>Our website address is: https:\/\/www.suphannahongthaimassage.se\/<br>Our Visiting Address: Suphannahong Thaimassage AB, Lilla Tv\u00e4rgatan 16 A, 223 53 Lund<br>Our Contact Information: Phone:&nbsp;079-337 59 36 | E-Mail: vicky@suphannahong.se<\/p>\n<h2>What personal data we collect and why we collect it<\/h2>\n<p>This page is used to inform website visitors regarding our policies with the collection, use, and disclosure of Personal Information if anyone decided to use our Service, the Website https:\/\/www.suphannahongthaimassage.se\/.<\/p>\n<p>If you choose to use our Service, then you agree to the collection and use of information in relation with this policy. The Personal Information that we collect are used for providing and improving the Service. We will not use or share your information with anyone except as described in this Privacy Policy.<\/p>\n<h3>Information Collection and Use<\/h3>\n<p>For a better experience while using our Service, we may require you to provide us with certain personally identifiable information, including but not limited to your name, phone number, and e-mail address. The information that we collect will be used to contact or identify you.<\/p>\n<h3>Contact form<\/h3>\n<p>Personal data provided through our contact form are used to contact us. These personal data are only used to identify and contact the person in question. This information may be saved by us for a maximum of 1 month. If you feel that for some reason you do not want or mistakenly give us incorrect information or do not want us to have this information from you. Please contact us so that we can remove you.<\/p>\n<h3>Log Data<\/h3>\n<p>We want to inform you that whenever you visit our Service, we collect information that your browser sends to us that is called Log Data. This Log Data may include information such as your computer&#8217;s Internet Protocol (\u201cIP\u201d) address, browser version, pages of our Service that you visit, the time and date of your visit, the time spent on those pages, and other statistics.<\/p>\n<h3>Cookies<\/h3>\n<p>Cookies are files with small amount of data that is commonly used an anonymous unique identifier. These are sent to your browser from the website that you visit and are stored on your computer&#8217;s hard drive.<\/p>\n<p>Our cookies improve access to our site and identify recurring visitors. In addition, our cookies enhance the user experience by tracking and targeting the user&#8217;s interests. Our use of cookies is generally not linked to personally identifiable information on our site.<\/p>\n<h3>Links to Other Sites<\/h3>\n<p>Our Service may contain links to other sites. If you click on a third-party link, you will be directed to that site. Note that these external sites are not operated by us. Therefore, we strongly advise you to review the Privacy Policy of these websites. We have no control over, and assume no responsibility for the content, privacy policies, or practices of any third-party sites or services<\/p>\n<h3>Embedded content from other websites<\/h3>\n<p>Articles on this site may include embedded content (e.g. videos, images, articles, etc.). Embedded content from other websites behaves in the exact same way as if the visitor has visited the other website.<\/p>\n<p>These websites may collect data about you, use cookies, embed additional third-party tracking, and monitor your interaction with that embedded content, including tracing your interaction with the embedded content if you have an account and are logged in to that website.<\/p>\n<h2>Who we share your data with<\/h2>\n<h3>Security<\/h3>\n<p>We value your trust in providing us your Personal Information, thus we are striving to use commercially acceptable means of protecting it. But remember that no method of transmission over the internet, or method of electronic storage is 100% secure and reliable, and we cannot guarantee its absolute security.<\/p>\n<h3>Third parties<\/h3>\n<p>We sell, trade, or otherwise transfer, not personally identifiable information to third parties.<\/p>\n<h3>Additional services<\/h3>\n<p>We may use other services that may occur on our site, where payment of goods or reservation of services may occur. The information is therefore shared with that party. But its sole purpose is to enable the customer to use the service. Read more on their page to review their privacy policy<\/p>\n<h3>Changes to This Privacy Policy<\/h3>\n<p>We may update our Privacy Policy from time to time. Thus, we advise you to review this page periodically for any changes. We will notify you of any changes by posting the new Privacy Policy on this page. These changes are effective immediately, after they are posted on this page.<\/p>\n<h2>Consent<\/h2>\n<p>By using our site, you agree to our privacy policy.<\/p>\n<p><strong>Last updated: September 03, 2020<\/strong><\/p>\n<div style=\"position: absolute; left: 10px; top: 2184px;\">\n<div>&nbsp;<\/div>\n<\/div>\t\t\t\t\t\t\t\t<\/div>\n\t\t\t\t\t<\/div>\n\t\t<\/div>\n\t\t\t\t\t<\/div>\n\t\t<\/section>\n\t\t\t\t<div class=\"elementor-element elementor-element-19f185b elementor-widget elementor-widget-spacer\" data-id=\"19f185b\" data-element_type=\"widget\" data-e-type=\"widget\" data-widget_type=\"spacer.default\">\n\t\t\t\t\t\t\t<div class=\"elementor-spacer\">\n\t\t\t<div class=\"elementor-spacer-inner\"><\/div>\n\t\t<\/div>\n\t\t\t\t\t\t<\/div>\n\t\t\t\t\t<\/div>\n\t\t<\/div>\n\t\t\t\t\t<\/div>\n\t\t<\/section>\n\t\t\t\t<section class=\"elementor-section elementor-top-section elementor-element elementor-element-42b1f636 elementor-section-height-min-height elementor-section-boxed elementor-section-height-default elementor-section-items-middle\" data-id=\"42b1f636\" data-element_type=\"section\" data-e-type=\"section\" data-settings=\"{&quot;background_background&quot;:&quot;classic&quot;}\">\n\t\t\t\t\t\t<div class=\"elementor-container elementor-column-gap-no\">\n\t\t\t\t\t<div class=\"elementor-column elementor-col-100 elementor-top-column elementor-element elementor-element-47403526\" data-id=\"47403526\" data-element_type=\"column\" data-e-type=\"column\">\n\t\t\t<div class=\"elementor-widget-wrap\">\n\t\t\t\t\t\t\t<\/div>\n\t\t<\/div>\n\t\t\t\t\t<\/div>\n\t\t<\/section>\n\t\t\t\t<\/div>\n\t\t","protected":false},"excerpt":{"rendered":"<p>Relax &amp; Thaimassage i Lund Suphannahong Thaimassage Thaimassage av professionell personal.Vi finns p\u00e5 Lilla Tv\u00e4rgatan 16a i Lund. &gt;&gt; Boka Lilla Tv\u00e4rgatan 16 A Relax &amp; Thaimassage i Lund Privacy Policy Who we are Our website address is: https:\/\/www.suphannahongthaimassage.se\/Our Visiting &hellip; <a class=\"kt-excerpt-readmore more-link\" href=\"http:\/\/suphannahong.se\/index.php\/privacy-policy-2\/\">Read More<\/a><\/p>\n","protected":false},"author":1,"featured_media":0,"parent":0,"menu_order":0,"comment_status":"closed","ping_status":"closed","template":"","meta":{"kt_blocks_editor_width":"","footnotes":""},"class_list":["post-1618","page","type-page","status-publish","hentry"],"yoast_head":"<!-- This site is optimized with the Yoast SEO plugin v27.5 - https:\/\/yoast.com\/product\/yoast-seo-wordpress\/ -->\n<title>Privacy Policy - Suphannahong Wellness and Spa<\/title>\n<meta name=\"robots\" content=\"index, follow, max-snippet:-1, max-image-preview:large, max-video-preview:-1\" \/>\n<link rel=\"canonical\" href=\"https:\/\/suphannahong.se\/index.php\/privacy-policy-2\/\" \/>\n<meta property=\"og:locale\" content=\"sv_SE\" \/>\n<meta property=\"og:type\" content=\"article\" \/>\n<meta property=\"og:title\" content=\"Privacy Policy - Suphannahong Wellness and Spa\" \/>\n<meta property=\"og:description\" content=\"Relax &amp; Thaimassage i Lund Suphannahong Thaimassage Thaimassage av professionell personal.Vi finns p\u00e5 Lilla Tv\u00e4rgatan 16a i Lund. &gt;&gt; Boka Lilla Tv\u00e4rgatan 16 A Relax &amp; Thaimassage i Lund Privacy Policy Who we are Our website address is: https:\/\/www.suphannahongthaimassage.se\/Our Visiting &hellip; Read More\" \/>\n<meta property=\"og:url\" content=\"https:\/\/suphannahong.se\/index.php\/privacy-policy-2\/\" \/>\n<meta property=\"og:site_name\" content=\"Suphannahong Wellness and Spa\" \/>\n<meta property=\"article:modified_time\" content=\"2026-05-12T18:06:43+00:00\" \/>\n<meta name=\"twitter:card\" content=\"summary_large_image\" \/>\n<meta name=\"twitter:label1\" content=\"Ber\u00e4knad l\u00e4stid\" \/>\n\t<meta name=\"twitter:data1\" content=\"4 minuter\" \/>\n<script type=\"application\/ld+json\" class=\"yoast-schema-graph\">{\"@context\":\"https:\\\/\\\/schema.org\",\"@graph\":[{\"@type\":\"WebPage\",\"@id\":\"https:\\\/\\\/suphannahong.se\\\/index.php\\\/privacy-policy-2\\\/\",\"url\":\"https:\\\/\\\/suphannahong.se\\\/index.php\\\/privacy-policy-2\\\/\",\"name\":\"Privacy Policy - Suphannahong Wellness and Spa\",\"isPartOf\":{\"@id\":\"https:\\\/\\\/suphannahong.se\\\/#website\"},\"datePublished\":\"2020-01-16T18:11:37+00:00\",\"dateModified\":\"2026-05-12T18:06:43+00:00\",\"breadcrumb\":{\"@id\":\"https:\\\/\\\/suphannahong.se\\\/index.php\\\/privacy-policy-2\\\/#breadcrumb\"},\"inLanguage\":\"sv-SE\",\"potentialAction\":[{\"@type\":\"ReadAction\",\"target\":[\"https:\\\/\\\/suphannahong.se\\\/index.php\\\/privacy-policy-2\\\/\"]}]},{\"@type\":\"BreadcrumbList\",\"@id\":\"https:\\\/\\\/suphannahong.se\\\/index.php\\\/privacy-policy-2\\\/#breadcrumb\",\"itemListElement\":[{\"@type\":\"ListItem\",\"position\":1,\"name\":\"Hem\",\"item\":\"https:\\\/\\\/suphannahong.se\\\/\"},{\"@type\":\"ListItem\",\"position\":2,\"name\":\"Privacy Policy\"}]},{\"@type\":\"WebSite\",\"@id\":\"https:\\\/\\\/suphannahong.se\\\/#website\",\"url\":\"https:\\\/\\\/suphannahong.se\\\/\",\"name\":\"Suphannahong Wellness and Spa\",\"description\":\"relax &amp; thaimassage i Lund\",\"publisher\":{\"@id\":\"https:\\\/\\\/suphannahong.se\\\/#organization\"},\"potentialAction\":[{\"@type\":\"SearchAction\",\"target\":{\"@type\":\"EntryPoint\",\"urlTemplate\":\"https:\\\/\\\/suphannahong.se\\\/?s={search_term_string}\"},\"query-input\":{\"@type\":\"PropertyValueSpecification\",\"valueRequired\":true,\"valueName\":\"search_term_string\"}}],\"inLanguage\":\"sv-SE\"},{\"@type\":\"Organization\",\"@id\":\"https:\\\/\\\/suphannahong.se\\\/#organization\",\"name\":\"Suphannahong Wellness and Spa\",\"url\":\"https:\\\/\\\/suphannahong.se\\\/\",\"logo\":{\"@type\":\"ImageObject\",\"inLanguage\":\"sv-SE\",\"@id\":\"https:\\\/\\\/suphannahong.se\\\/#\\\/schema\\\/logo\\\/image\\\/\",\"url\":\"http:\\\/\\\/suphannahong.se\\\/wp-content\\\/uploads\\\/2026\\\/05\\\/logo-header.png\",\"contentUrl\":\"http:\\\/\\\/suphannahong.se\\\/wp-content\\\/uploads\\\/2026\\\/05\\\/logo-header.png\",\"width\":1500,\"height\":408,\"caption\":\"Suphannahong Wellness and Spa\"},\"image\":{\"@id\":\"https:\\\/\\\/suphannahong.se\\\/#\\\/schema\\\/logo\\\/image\\\/\"}}]}<\/script>\n<!-- \/ Yoast SEO plugin. -->","yoast_head_json":{"title":"Privacy Policy - Suphannahong Wellness and Spa","robots":{"index":"index","follow":"follow","max-snippet":"max-snippet:-1","max-image-preview":"max-image-preview:large","max-video-preview":"max-video-preview:-1"},"canonical":"https:\/\/suphannahong.se\/index.php\/privacy-policy-2\/","og_locale":"sv_SE","og_type":"article","og_title":"Privacy Policy - Suphannahong Wellness and Spa","og_description":"Relax &amp; Thaimassage i Lund Suphannahong Thaimassage Thaimassage av professionell personal.Vi finns p\u00e5 Lilla Tv\u00e4rgatan 16a i Lund. &gt;&gt; Boka Lilla Tv\u00e4rgatan 16 A Relax &amp; Thaimassage i Lund Privacy Policy Who we are Our website address is: https:\/\/www.suphannahongthaimassage.se\/Our Visiting &hellip; Read More","og_url":"https:\/\/suphannahong.se\/index.php\/privacy-policy-2\/","og_site_name":"Suphannahong Wellness and Spa","article_modified_time":"2026-05-12T18:06:43+00:00","twitter_card":"summary_large_image","twitter_misc":{"Ber\u00e4knad l\u00e4stid":"4 minuter"},"schema":{"@context":"https:\/\/schema.org","@graph":[{"@type":"WebPage","@id":"https:\/\/suphannahong.se\/index.php\/privacy-policy-2\/","url":"https:\/\/suphannahong.se\/index.php\/privacy-policy-2\/","name":"Privacy Policy - Suphannahong Wellness and Spa","isPartOf":{"@id":"https:\/\/suphannahong.se\/#website"},"datePublished":"2020-01-16T18:11:37+00:00","dateModified":"2026-05-12T18:06:43+00:00","breadcrumb":{"@id":"https:\/\/suphannahong.se\/index.php\/privacy-policy-2\/#breadcrumb"},"inLanguage":"sv-SE","potentialAction":[{"@type":"ReadAction","target":["https:\/\/suphannahong.se\/index.php\/privacy-policy-2\/"]}]},{"@type":"BreadcrumbList","@id":"https:\/\/suphannahong.se\/index.php\/privacy-policy-2\/#breadcrumb","itemListElement":[{"@type":"ListItem","position":1,"name":"Hem","item":"https:\/\/suphannahong.se\/"},{"@type":"ListItem","position":2,"name":"Privacy Policy"}]},{"@type":"WebSite","@id":"https:\/\/suphannahong.se\/#website","url":"https:\/\/suphannahong.se\/","name":"Suphannahong Wellness and Spa","description":"relax &amp; thaimassage i Lund","publisher":{"@id":"https:\/\/suphannahong.se\/#organization"},"potentialAction":[{"@type":"SearchAction","target":{"@type":"EntryPoint","urlTemplate":"https:\/\/suphannahong.se\/?s={search_term_string}"},"query-input":{"@type":"PropertyValueSpecification","valueRequired":true,"valueName":"search_term_string"}}],"inLanguage":"sv-SE"},{"@type":"Organization","@id":"https:\/\/suphannahong.se\/#organization","name":"Suphannahong Wellness and Spa","url":"https:\/\/suphannahong.se\/","logo":{"@type":"ImageObject","inLanguage":"sv-SE","@id":"https:\/\/suphannahong.se\/#\/schema\/logo\/image\/","url":"http:\/\/suphannahong.se\/wp-content\/uploads\/2026\/05\/logo-header.png","contentUrl":"http:\/\/suphannahong.se\/wp-content\/uploads\/2026\/05\/logo-header.png","width":1500,"height":408,"caption":"Suphannahong Wellness and Spa"},"image":{"@id":"https:\/\/suphannahong.se\/#\/schema\/logo\/image\/"}}]}},"_links":{"self":[{"href":"http:\/\/suphannahong.se\/index.php\/wp-json\/wp\/v2\/pages\/1618","targetHints":{"allow":["GET"]}}],"collection":[{"href":"http:\/\/suphannahong.se\/index.php\/wp-json\/wp\/v2\/pages"}],"about":[{"href":"http:\/\/suphannahong.se\/index.php\/wp-json\/wp\/v2\/types\/page"}],"author":[{"embeddable":true,"href":"http:\/\/suphannahong.se\/index.php\/wp-json\/wp\/v2\/users\/1"}],"replies":[{"embeddable":true,"href":"http:\/\/suphannahong.se\/index.php\/wp-json\/wp\/v2\/comments?post=1618"}],"version-history":[{"count":6,"href":"http:\/\/suphannahong.se\/index.php\/wp-json\/wp\/v2\/pages\/1618\/revisions"}],"predecessor-version":[{"id":2888,"href":"http:\/\/suphannahong.se\/index.php\/wp-json\/wp\/v2\/pages\/1618\/revisions\/2888"}],"wp:attachment":[{"href":"http:\/\/suphannahong.se\/index.php\/wp-json\/wp\/v2\/media?parent=1618"}],"curies":[{"name":"wp","href":"https:\/\/api.w.org\/{rel}","templated":true}]}}